{"id":17446,"date":"2022-01-03T04:37:48","date_gmt":"2022-01-02T23:07:48","guid":{"rendered":"https:\/\/bahlolintl.com\/?page_id=17446"},"modified":"2023-01-23T04:03:02","modified_gmt":"2023-01-22T22:33:02","slug":"size-guide","status":"publish","type":"page","link":"https:\/\/bahlolintl.com\/ro\/manufacturer\/goalkeeper-gloves\/size-guide\/","title":{"rendered":"Goalkeeper M\u0103nu\u0219i Ghid de m\u0103rime"},"content":{"rendered":"<div data-elementor-type=\"wp-page\" data-elementor-id=\"17446\" class=\"elementor elementor-17446\" data-elementor-post-type=\"page\">\n\t\t\t\t\t\t<section class=\"elementor-section elementor-top-section elementor-element elementor-element-2feb9d4 elementor-section-full_width elementor-section-height-min-height elementor-section-stretched elementor-section-height-default elementor-section-items-middle\" data-id=\"2feb9d4\" data-element_type=\"section\" data-e-type=\"section\" data-settings=\"{&quot;stretch_section&quot;:&quot;section-stretched&quot;,&quot;background_background&quot;:&quot;classic&quot;}\">\n\t\t\t\t\t\t\t<div class=\"elementor-background-overlay\"><\/div>\n\t\t\t\t\t\t\t<div class=\"elementor-container elementor-column-gap-default\">\n\t\t\t\t\t<div class=\"elementor-column elementor-col-100 elementor-top-column elementor-element elementor-element-8434900\" data-id=\"8434900\" data-element_type=\"column\" data-e-type=\"column\">\n\t\t\t<div class=\"elementor-widget-wrap elementor-element-populated\">\n\t\t\t\t\t\t<div class=\"elementor-element elementor-element-42553f8 elementor-widget elementor-widget-spacer\" data-id=\"42553f8\" data-element_type=\"widget\" data-e-type=\"widget\" data-widget_type=\"spacer.default\">\n\t\t\t\t<div class=\"elementor-widget-container\">\n\t\t\t\t\t\t\t<div class=\"elementor-spacer\">\n\t\t\t<div class=\"elementor-spacer-inner\"><\/div>\n\t\t<\/div>\n\t\t\t\t\t\t<\/div>\n\t\t\t\t<\/div>\n\t\t\t\t\t<\/div>\n\t\t<\/div>\n\t\t\t\t\t<\/div>\n\t\t<\/section>\n\t\t\t\t<section class=\"elementor-section elementor-top-section elementor-element elementor-element-da7feed elementor-section-full_width elementor-section-height-default elementor-section-height-default\" data-id=\"da7feed\" data-element_type=\"section\" data-e-type=\"section\">\n\t\t\t\t\t\t<div class=\"elementor-container elementor-column-gap-default\">\n\t\t\t\t\t<div class=\"elementor-column elementor-col-100 elementor-top-column elementor-element elementor-element-3f7b5e9\" data-id=\"3f7b5e9\" data-element_type=\"column\" data-e-type=\"column\">\n\t\t\t<div class=\"elementor-widget-wrap elementor-element-populated\">\n\t\t\t\t\t\t<div class=\"elementor-element elementor-element-bb1f866 elementor-widget elementor-widget-heading\" data-id=\"bb1f866\" data-element_type=\"widget\" data-e-type=\"widget\" data-widget_type=\"heading.default\">\n\t\t\t\t<div class=\"elementor-widget-container\">\n\t\t\t\t\t<h2 class=\"elementor-heading-title elementor-size-default\">GHID DE M\u0102RIMI PENTRU M\u0102NU\u0218ILE DE PORTAR<\/h2>\t\t\t\t<\/div>\n\t\t\t\t<\/div>\n\t\t\t\t<div class=\"elementor-element elementor-element-f1be7ee elementor-widget elementor-widget-heading\" data-id=\"f1be7ee\" data-element_type=\"widget\" data-e-type=\"widget\" data-widget_type=\"heading.default\">\n\t\t\t\t<div class=\"elementor-widget-container\">\n\t\t\t\t\t<h3 class=\"elementor-heading-title elementor-size-default\">Instruc\u021biuni pas cu pas pentru m\u0103surarea m\u0103rimii m\u0103nu\u0219ilor GOALIE GLOVE<\/h3>\t\t\t\t<\/div>\n\t\t\t\t<\/div>\n\t\t\t\t<div class=\"elementor-element elementor-element-92aeb8c elementor-widget elementor-widget-text-editor\" data-id=\"92aeb8c\" data-element_type=\"widget\" data-e-type=\"widget\" data-widget_type=\"text-editor.default\">\n\t\t\t\t<div class=\"elementor-widget-container\">\n\t\t\t\t\t\t\t\t\t<h3>DIMENSIUNI M\u0102NU\u0218I PORTAR<\/h3><p>Este uluitor de vital ca un portar s\u0103 aleag\u0103 m\u0103rimea potrivit\u0103 a m\u0103nu\u0219ii de portar pentru a garanta confortul ideal \u0219i execu\u021bia \u00eentre be\u021be. Acesta este motivul pentru care am realizat un manual util de m\u0103rime a m\u0103nu\u0219ii de portar pentru a v\u0103 oferi un g\u00e2nd nepl\u0103cut despre ce m\u0103rime a m\u0103nu\u0219ii de portar vi se poate potrivi. \u00cen orice caz, v\u0103 suger\u0103m s\u0103 parcurge\u021bi urm\u0103torul segment de mai jos cu privire la cea mai proficient\u0103 metod\u0103 de a v\u0103 m\u0103sura dimensiunea m\u00e2inii pentru a garanta c\u0103 noile dvs. m\u0103nu\u0219i de portar se potrivesc impecabil.<\/p><div class=\"content-text section\" style=\"text-align: center;\">\u00a0<\/div><div class=\"content-2 section\" style=\"text-align: center;\"><div class=\"content-item\"><div class=\"scroll-container scroll-x\"><table class=\"brand-p1\"><thead><tr><td class=\"brand-h3\"><p class=\"brand-space-both-small\">M\u0102RIME<\/p><\/td><td class=\"brand-h3\"><p class=\"brand-space-both-small\">V\u00c2RSTA<\/p><\/td><td class=\"brand-h3\"><p class=\"brand-space-both-small\">M\u0102SUR\u0102RI<\/p><\/td><\/tr><\/thead><tbody><tr><td>4<\/td><td>6-7 ANI<\/td><td>6IN (15CM)<\/td><\/tr><tr><td>5<\/td><td>8-9 ANI<\/td><td>6.3IN (16CM)<\/td><\/tr><tr><td>6<\/td><td>10-11 ANI<\/td><td>6.8IN (17.2CM)<\/td><\/tr><tr><td>7<\/td><td>TINERI MARI<\/td><td>7.2IN (18.2CM)<\/td><\/tr><tr><td>8<\/td><td>ADULT SMALL<\/td><td>7.6IN (19.4CM)<\/td><\/tr><tr><td>9<\/td><td>ADULT MEDIU<\/td><td>8IN (20.4CM)<\/td><\/tr><tr><td>10<\/td><td>ADULT MARE<\/td><td>8.5IN (21.5CM)<\/td><\/tr><tr><td>11<\/td><td>XL ADULT<\/td><td>8.9IN (22.6CM)<\/td><\/tr><\/tbody><\/table><\/div><\/div><\/div><div class=\"content-text section\" style=\"text-align: center;\">\u00a0<\/div><h3>Instruc\u021biuni pas cu pas pentru M\u0102SURAREA M\u0102SURII GLOVE<\/h3><div>\u00a0<\/div><div>Urm\u0103toarea este diagrama noastr\u0103 de m\u0103rime a m\u0103nu\u0219ilor de portar pentru a v\u0103 ajuta s\u0103 g\u0103si\u021bi m\u0103rimea ideal\u0103 pentru dvs. Respecta\u021bi indica\u021biile din imagine pentru a v\u0103 urm\u0103ri estim\u0103rile m\u00e2inii \u0219i pentru a garanta c\u0103 m\u0103nu\u0219ile dvs. nu v\u0103 dezam\u0103gesc \u00een secunda vital\u0103:<\/div>\t\t\t\t\t\t\t\t<\/div>\n\t\t\t\t<\/div>\n\t\t\t\t\t<\/div>\n\t\t<\/div>\n\t\t\t\t\t<\/div>\n\t\t<\/section>\n\t\t\t\t<section class=\"elementor-section elementor-top-section elementor-element elementor-element-b9b1a08 elementor-section-full_width elementor-section-stretched elementor-section-height-default elementor-section-height-default\" data-id=\"b9b1a08\" data-element_type=\"section\" data-e-type=\"section\" data-settings=\"{&quot;stretch_section&quot;:&quot;section-stretched&quot;}\">\n\t\t\t\t\t\t<div class=\"elementor-container elementor-column-gap-no\">\n\t\t\t\t\t<div class=\"elementor-column elementor-col-100 elementor-top-column elementor-element elementor-element-e46c4db\" data-id=\"e46c4db\" data-element_type=\"column\" data-e-type=\"column\">\n\t\t\t<div class=\"elementor-widget-wrap elementor-element-populated\">\n\t\t\t\t\t\t<div class=\"elementor-element elementor-element-31b1714 elementor-widget elementor-widget-gallery\" data-id=\"31b1714\" data-element_type=\"widget\" data-e-type=\"widget\" data-settings=\"{&quot;columns&quot;:2,&quot;gap&quot;:{&quot;unit&quot;:&quot;px&quot;,&quot;size&quot;:0,&quot;sizes&quot;:[]},&quot;lazyload&quot;:&quot;yes&quot;,&quot;gallery_layout&quot;:&quot;grid&quot;,&quot;columns_tablet&quot;:2,&quot;columns_mobile&quot;:1,&quot;gap_tablet&quot;:{&quot;unit&quot;:&quot;px&quot;,&quot;size&quot;:10,&quot;sizes&quot;:[]},&quot;gap_mobile&quot;:{&quot;unit&quot;:&quot;px&quot;,&quot;size&quot;:10,&quot;sizes&quot;:[]},&quot;aspect_ratio&quot;:&quot;3:2&quot;,&quot;content_hover_animation&quot;:&quot;fade-in&quot;}\" data-widget_type=\"gallery.default\">\n\t\t\t\t<div class=\"elementor-widget-container\">\n\t\t\t\t\t\t\t<div class=\"elementor-gallery__container\">\n\t\t\t\t\t\t\t<div class=\"e-gallery-item elementor-gallery-item elementor-animated-content\">\n\t\t\t\t\t<div class=\"e-gallery-image elementor-gallery-item__image\" data-thumbnail=\"https:\/\/bahlolintl.com\/wp-content\/uploads\/2022\/01\/hand-measurement-1.png\" data-width=\"675\" data-height=\"502\" aria-label=\"\" role=\"img\" ><\/div>\n\t\t\t\t\t\t\t\t\t\t\t\t\t\t<\/div>\n\t\t\t\t\t\t\t<div class=\"e-gallery-item elementor-gallery-item elementor-animated-content\">\n\t\t\t\t\t<div class=\"e-gallery-image elementor-gallery-item__image\" data-thumbnail=\"https:\/\/bahlolintl.com\/wp-content\/uploads\/2022\/01\/glove-size.png\" data-width=\"675\" data-height=\"502\" aria-label=\"\" role=\"img\" ><\/div>\n\t\t\t\t\t\t\t\t\t\t\t\t\t\t<\/div>\n\t\t\t\t\t<\/div>\n\t\t\t\t\t<\/div>\n\t\t\t\t<\/div>\n\t\t\t\t\t<\/div>\n\t\t<\/div>\n\t\t\t\t\t<\/div>\n\t\t<\/section>\n\t\t\t\t<\/div>","protected":false},"excerpt":{"rendered":"<p>GOALKEEPER GLOVE SIZE GUIDE Step by step instructions to MEASURE GOALIE GLOVE SIZES GOALKEEPER GLOVE SIZES It&#8217;s staggeringly vital that a goalkeeper chooses the right goalie glove size to guarantee ideal solace and execution between the sticks. That is the reason we&#8217;ve made a helpful goalkeeper glove size manual for provide you with an unpleasant [&hellip;]<\/p>\n","protected":false},"author":1,"featured_media":0,"parent":59,"menu_order":0,"comment_status":"closed","ping_status":"closed","template":"elementor_header_footer","meta":{"ocean_post_layout":"","ocean_both_sidebars_style":"","ocean_both_sidebars_content_width":0,"ocean_both_sidebars_sidebars_width":0,"ocean_sidebar":"0","ocean_second_sidebar":"0","ocean_disable_margins":"enable","ocean_add_body_class":"","ocean_shortcode_before_top_bar":"","ocean_shortcode_after_top_bar":"","ocean_shortcode_before_header":"","ocean_shortcode_after_header":"","ocean_has_shortcode":"","ocean_shortcode_after_title":"","ocean_shortcode_before_footer_widgets":"","ocean_shortcode_after_footer_widgets":"","ocean_shortcode_before_footer_bottom":"","ocean_shortcode_after_footer_bottom":"","ocean_display_top_bar":"default","ocean_display_header":"default","ocean_header_style":"","ocean_center_header_left_menu":"0","ocean_custom_header_template":"0","ocean_custom_logo":0,"ocean_custom_retina_logo":0,"ocean_custom_logo_max_width":0,"ocean_custom_logo_tablet_max_width":0,"ocean_custom_logo_mobile_max_width":0,"ocean_custom_logo_max_height":0,"ocean_custom_logo_tablet_max_height":0,"ocean_custom_logo_mobile_max_height":0,"ocean_header_custom_menu":"1353","ocean_menu_typo_font_family":"0","ocean_menu_typo_font_subset":"","ocean_menu_typo_font_size":0,"ocean_menu_typo_font_size_tablet":0,"ocean_menu_typo_font_size_mobile":0,"ocean_menu_typo_font_size_unit":"px","ocean_menu_typo_font_weight":"","ocean_menu_typo_font_weight_tablet":"","ocean_menu_typo_font_weight_mobile":"","ocean_menu_typo_transform":"","ocean_menu_typo_transform_tablet":"","ocean_menu_typo_transform_mobile":"","ocean_menu_typo_line_height":0,"ocean_menu_typo_line_height_tablet":0,"ocean_menu_typo_line_height_mobile":0,"ocean_menu_typo_line_height_unit":"","ocean_menu_typo_spacing":0,"ocean_menu_typo_spacing_tablet":0,"ocean_menu_typo_spacing_mobile":0,"ocean_menu_typo_spacing_unit":"","ocean_menu_link_color":"","ocean_menu_link_color_hover":"","ocean_menu_link_color_active":"","ocean_menu_link_background":"","ocean_menu_link_hover_background":"","ocean_menu_link_active_background":"","ocean_menu_social_links_bg":"","ocean_menu_social_hover_links_bg":"","ocean_menu_social_links_color":"","ocean_menu_social_hover_links_color":"","ocean_disable_title":"default","ocean_disable_heading":"default","ocean_post_title":"","ocean_post_subheading":"","ocean_post_title_style":"","ocean_post_title_background_color":"","ocean_post_title_background":0,"ocean_post_title_bg_image_position":"","ocean_post_title_bg_image_attachment":"","ocean_post_title_bg_image_repeat":"","ocean_post_title_bg_image_size":"","ocean_post_title_height":0,"ocean_post_title_bg_overlay":0.5,"ocean_post_title_bg_overlay_color":"","ocean_disable_breadcrumbs":"default","ocean_breadcrumbs_color":"","ocean_breadcrumbs_separator_color":"","ocean_breadcrumbs_links_color":"","ocean_breadcrumbs_links_hover_color":"","ocean_display_footer_widgets":"default","ocean_display_footer_bottom":"default","ocean_custom_footer_template":"0","footnotes":""},"class_list":["post-17446","page","type-page","status-publish","hentry","entry"],"_links":{"self":[{"href":"https:\/\/bahlolintl.com\/ro\/wp-json\/wp\/v2\/pages\/17446","targetHints":{"allow":["GET"]}}],"collection":[{"href":"https:\/\/bahlolintl.com\/ro\/wp-json\/wp\/v2\/pages"}],"about":[{"href":"https:\/\/bahlolintl.com\/ro\/wp-json\/wp\/v2\/types\/page"}],"author":[{"embeddable":true,"href":"https:\/\/bahlolintl.com\/ro\/wp-json\/wp\/v2\/users\/1"}],"replies":[{"embeddable":true,"href":"https:\/\/bahlolintl.com\/ro\/wp-json\/wp\/v2\/comments?post=17446"}],"version-history":[{"count":0,"href":"https:\/\/bahlolintl.com\/ro\/wp-json\/wp\/v2\/pages\/17446\/revisions"}],"up":[{"embeddable":true,"href":"https:\/\/bahlolintl.com\/ro\/wp-json\/wp\/v2\/pages\/59"}],"wp:attachment":[{"href":"https:\/\/bahlolintl.com\/ro\/wp-json\/wp\/v2\/media?parent=17446"}],"curies":[{"name":"wp","href":"https:\/\/api.w.org\/{rel}","templated":true}]}}