{"id":17411,"date":"2022-01-03T02:29:35","date_gmt":"2022-01-02T20:59:35","guid":{"rendered":"https:\/\/bahlolintl.com\/?page_id=17411"},"modified":"2024-07-27T18:26:44","modified_gmt":"2024-07-27T12:56:44","slug":"packaging","status":"publish","type":"page","link":"https:\/\/bahlolintl.com\/es\/customize-options\/packaging\/","title":{"rendered":"Embalaje"},"content":{"rendered":"<div data-elementor-type=\"wp-page\" data-elementor-id=\"17411\" class=\"elementor elementor-17411\" data-elementor-post-type=\"page\">\n\t\t\t\t\t\t<section class=\"elementor-section elementor-top-section elementor-element elementor-element-390c1f4 elementor-section-full_width elementor-section-height-min-height elementor-section-stretched elementor-section-height-default elementor-section-items-middle\" data-id=\"390c1f4\" data-element_type=\"section\" data-e-type=\"section\" data-settings=\"{&quot;stretch_section&quot;:&quot;section-stretched&quot;,&quot;background_background&quot;:&quot;classic&quot;}\">\n\t\t\t\t\t\t\t<div class=\"elementor-background-overlay\"><\/div>\n\t\t\t\t\t\t\t<div class=\"elementor-container elementor-column-gap-no\">\n\t\t\t\t\t<div class=\"elementor-column elementor-col-100 elementor-top-column elementor-element elementor-element-7568c09\" data-id=\"7568c09\" data-element_type=\"column\" data-e-type=\"column\">\n\t\t\t<div class=\"elementor-widget-wrap elementor-element-populated\">\n\t\t\t\t\t\t<div class=\"elementor-element elementor-element-563c183 elementor-widget elementor-widget-spacer\" data-id=\"563c183\" data-element_type=\"widget\" data-e-type=\"widget\" data-widget_type=\"spacer.default\">\n\t\t\t\t<div class=\"elementor-widget-container\">\n\t\t\t\t\t\t\t<div class=\"elementor-spacer\">\n\t\t\t<div class=\"elementor-spacer-inner\"><\/div>\n\t\t<\/div>\n\t\t\t\t\t\t<\/div>\n\t\t\t\t<\/div>\n\t\t\t\t\t<\/div>\n\t\t<\/div>\n\t\t\t\t\t<\/div>\n\t\t<\/section>\n\t\t\t\t<section class=\"elementor-section elementor-top-section elementor-element elementor-element-9f1e4ac elementor-section-full_width elementor-section-height-default elementor-section-height-default\" data-id=\"9f1e4ac\" data-element_type=\"section\" data-e-type=\"section\">\n\t\t\t\t\t\t<div class=\"elementor-container elementor-column-gap-wider\">\n\t\t\t\t\t<div class=\"elementor-column elementor-col-50 elementor-top-column elementor-element elementor-element-804d696\" data-id=\"804d696\" data-element_type=\"column\" data-e-type=\"column\">\n\t\t\t<div class=\"elementor-widget-wrap elementor-element-populated\">\n\t\t\t\t\t\t<div class=\"elementor-element elementor-element-d61f9d9 elementor-widget elementor-widget-text-editor\" data-id=\"d61f9d9\" data-element_type=\"widget\" data-e-type=\"widget\" data-widget_type=\"text-editor.default\">\n\t\t\t\t<div class=\"elementor-widget-container\">\n\t\t\t\t\t\t\t\t\t<h3>GET THE CUSTOM CLOTHING PACKAGING AT THE BEST PRICES<\/h3><p>La agrupaci\u00f3n es una pieza importante de la promoci\u00f3n de sus art\u00edculos por lo tanto muchos productores de atuendo en sacos de agrupaci\u00f3n de atuendo para la agrupaci\u00f3n del vestido alcance. La ventaja que estos sacos dan es la oportunidad de implicar el liar como un dispositivo que muestra y \u00e9sa es la cosa que trabaja en la bendici\u00f3n de liar de encargo para el vestido. Los paquetes bundling mantener los art\u00edculos libres de cualquier peligro, as\u00ed como dar a los productores la oportunidad de rebrand su personalidad para varios clientes. Distintivo nombre privado Guantes fabricantes han comenzado a utilizar un amplio alcance de los elementos de agrupaci\u00f3n para hacer publicidad de su gama de ropa superior de la manera correcta.<\/p><p>Los sacos de empaquetado de guantes pueden fabricarse en todos los tama\u00f1os imaginables, seg\u00fan las necesidades del fabricante. Hay distintas marcas de guantes que acaban de adoptar esta estrategia publicitaria, pero que tambi\u00e9n han invertido recursos en sacos de ropa econ\u00f3micos por razones naturales. El aumento del inter\u00e9s por los paquetes personalizados para la ropa ha permitido a las marcas de ropa promocionar su gama de ropa a trav\u00e9s de la marca en la capa exterior de los paquetes para conseguir la apertura m\u00e1s extrema. Hay varios fabricantes que han empezado a ofrecer paquetes personalizados razonables para la confecci\u00f3n de camisas, lo que simplifica el trabajo de los fabricantes de guantes de alcance limitado.<\/p><p>Append Apparel sobresale en el montaje de paquetes de camisas personalizadas para todas sus necesidades de producci\u00f3n de atuendos. Obtenga paquetes de guantes personalizados hechos por sus aspectos necesarios con Bahlol intl a los mejores costos.<\/p>\t\t\t\t\t\t\t\t<\/div>\n\t\t\t\t<\/div>\n\t\t\t\t\t<\/div>\n\t\t<\/div>\n\t\t\t\t<div class=\"elementor-column elementor-col-50 elementor-top-column elementor-element elementor-element-375d44c\" data-id=\"375d44c\" data-element_type=\"column\" data-e-type=\"column\" data-settings=\"{&quot;background_background&quot;:&quot;classic&quot;}\">\n\t\t\t<div class=\"elementor-widget-wrap elementor-element-populated\">\n\t\t\t\t\t<div class=\"elementor-background-overlay\"><\/div>\n\t\t\t\t\t\t<div class=\"elementor-element elementor-element-9bd954f elementor-widget elementor-widget-spacer\" data-id=\"9bd954f\" data-element_type=\"widget\" data-e-type=\"widget\" data-widget_type=\"spacer.default\">\n\t\t\t\t<div class=\"elementor-widget-container\">\n\t\t\t\t\t\t\t<div class=\"elementor-spacer\">\n\t\t\t<div class=\"elementor-spacer-inner\"><\/div>\n\t\t<\/div>\n\t\t\t\t\t\t<\/div>\n\t\t\t\t<\/div>\n\t\t\t\t\t<\/div>\n\t\t<\/div>\n\t\t\t\t\t<\/div>\n\t\t<\/section>\n\t\t\t\t<section class=\"elementor-section elementor-top-section elementor-element elementor-element-0c60ac6 elementor-section-full_width elementor-section-height-default elementor-section-height-default\" data-id=\"0c60ac6\" data-element_type=\"section\" data-e-type=\"section\">\n\t\t\t\t\t\t<div class=\"elementor-container elementor-column-gap-wider\">\n\t\t\t\t\t<div class=\"elementor-column elementor-col-50 elementor-top-column elementor-element elementor-element-88a81c4\" data-id=\"88a81c4\" data-element_type=\"column\" data-e-type=\"column\" data-settings=\"{&quot;background_background&quot;:&quot;classic&quot;}\">\n\t\t\t<div class=\"elementor-widget-wrap elementor-element-populated\">\n\t\t\t\t\t<div class=\"elementor-background-overlay\"><\/div>\n\t\t\t\t\t\t<div class=\"elementor-element elementor-element-c162ea8 elementor-widget elementor-widget-spacer\" data-id=\"c162ea8\" data-element_type=\"widget\" data-e-type=\"widget\" data-widget_type=\"spacer.default\">\n\t\t\t\t<div class=\"elementor-widget-container\">\n\t\t\t\t\t\t\t<div class=\"elementor-spacer\">\n\t\t\t<div class=\"elementor-spacer-inner\"><\/div>\n\t\t<\/div>\n\t\t\t\t\t\t<\/div>\n\t\t\t\t<\/div>\n\t\t\t\t\t<\/div>\n\t\t<\/div>\n\t\t\t\t<div class=\"elementor-column elementor-col-50 elementor-top-column elementor-element elementor-element-67b92a5\" data-id=\"67b92a5\" data-element_type=\"column\" data-e-type=\"column\">\n\t\t\t<div class=\"elementor-widget-wrap elementor-element-populated\">\n\t\t\t\t\t\t<div class=\"elementor-element elementor-element-f2d1bea elementor-widget elementor-widget-text-editor\" data-id=\"f2d1bea\" data-element_type=\"widget\" data-e-type=\"widget\" data-widget_type=\"text-editor.default\">\n\t\t\t\t<div class=\"elementor-widget-container\">\n\t\t\t\t\t\t\t\t\t<h3>How to Get the Perfect Packaging for Clothing Line?<\/h3><p><br \/>Comenzar una l\u00ednea del vestido toma mucho sin embargo fijar en una opci\u00f3n con respecto a la agrupaci\u00f3n de los art\u00edculos de la ropa es un juego de pelota alternativo. La agrupaci\u00f3n es una de las partes importantes de mantener un negocio fruct\u00edfero atuendo y esto es cuando Guantes personalizados agrupaci\u00f3n se convierte posiblemente en el factor m\u00e1s importante. La agrupaci\u00f3n es la declaraci\u00f3n de la forma en que la imagen de su ropa habla con los clientes. Curiosamente, hay una plenitud de marcas que ofrecen la costumbre paquetes sacos para art\u00edculos de vestir como se indica por las necesidades expl\u00edcitas para que pueda obtener lo mejor de la agrupaci\u00f3n de su art\u00edculo.<\/p><p>La observaci\u00f3n de los paquetes de paquetes personalizados ideales para el atuendo puede parecer una tarea problem\u00e1tica sin embargo, usted puede dar a su vestido un fresco de la nueva personalidad de pl\u00e1stico simplemente haciendo un par de cosas de la manera correcta. El centro de atenci\u00f3n principio debe estar en el tipo de art\u00edculos de vestir que la marca ofrece a la luz del hecho de que la agrupaci\u00f3n es, probablemente, va a ser planificada por la especialidad. Hay varios productores que dan una amplia exhibici\u00f3n de opciones de paquetes de atuendo personalizado, sin embargo, tratar de darse cuenta de qu\u00e9 tipo de agrupaci\u00f3n se adapte a la imagen de su imagen. La fama de los paquetes de atuendo ha empujado a muchas marcas a decidirse por este trabajo incluyendo a los fabricantes que ofrecen diferentes tipos de opciones de tejido de ropa.<\/p>\t\t\t\t\t\t\t\t<\/div>\n\t\t\t\t<\/div>\n\t\t\t\t\t<\/div>\n\t\t<\/div>\n\t\t\t\t\t<\/div>\n\t\t<\/section>\n\t\t\t\t<section class=\"elementor-section elementor-top-section elementor-element elementor-element-daee269 elementor-section-full_width elementor-section-height-default elementor-section-height-default\" data-id=\"daee269\" data-element_type=\"section\" data-e-type=\"section\">\n\t\t\t\t\t\t<div class=\"elementor-container elementor-column-gap-wider\">\n\t\t\t\t\t<div class=\"elementor-column elementor-col-50 elementor-top-column elementor-element elementor-element-6322d7b\" data-id=\"6322d7b\" data-element_type=\"column\" data-e-type=\"column\">\n\t\t\t<div class=\"elementor-widget-wrap elementor-element-populated\">\n\t\t\t\t\t\t<div class=\"elementor-element elementor-element-10703d5 elementor-widget elementor-widget-text-editor\" data-id=\"10703d5\" data-element_type=\"widget\" data-e-type=\"widget\" data-widget_type=\"text-editor.default\">\n\t\t\t\t<div class=\"elementor-widget-container\">\n\t\t\t\t\t\t\t\t\t<h3>Why Choosing Custom Clothing Packaging Bags is a Good Choice?<\/h3><p><br \/>Los paquetes de ropa personalizados pueden ser el m\u00e9todo ideal para promocionar su oferta de ropa entre clientes potenciales y existentes. El beneficio clave que los paquetes de atuendos personalizados ofrecen a los fabricantes es enorme, ya que son accesibles en tama\u00f1os personalizados y pueden fabricarse con diversos materiales, como papel, polietileno, yute y tela. La fama de varios sacos de atuendo ha permitido a los fabricantes de guantes de un lado del planeta al otro para elegir el clima bien dispuestos guantes bundling arreglos que pueden ser reutilizados m\u00e1s adelante. Hay muchas marcas y productores personalizados que ofrecen una amplia gama de sacos de confecci\u00f3n a medida a un coste razonable.<\/p><p>Para anunciar sus art\u00edculos del traje de una manera alternativa entonces los guantes de encargo que l\u00edan los sacos son una decisi\u00f3n ideal. Usted puede conseguir que se establecieron en su material preferido alineando con las estimaciones que se ajustan por sus art\u00edculos.<\/p><p>Las bolsas de confecci\u00f3n personalizadas son maravillosas para asumir la responsabilidad de c\u00f3mo sus prendas de vestir se muestran a los clientes, de modo que puede reflejar la visi\u00f3n de la marca con una confecci\u00f3n personalizada \u00fanica. Append Apparel reconoce la importancia de las bolsas de ropa personalizadas y ofrece una amplia gama de opciones de confecci\u00f3n para los fabricantes de ropa. Consiga una nueva confecci\u00f3n para su l\u00ednea de ropa al menor coste y dele otro car\u00e1cter.<\/p>\t\t\t\t\t\t\t\t<\/div>\n\t\t\t\t<\/div>\n\t\t\t\t\t<\/div>\n\t\t<\/div>\n\t\t\t\t<div class=\"elementor-column elementor-col-50 elementor-top-column elementor-element elementor-element-314d188\" data-id=\"314d188\" data-element_type=\"column\" data-e-type=\"column\" data-settings=\"{&quot;background_background&quot;:&quot;classic&quot;}\">\n\t\t\t<div class=\"elementor-widget-wrap elementor-element-populated\">\n\t\t\t\t\t<div class=\"elementor-background-overlay\"><\/div>\n\t\t\t\t\t\t<div class=\"elementor-element elementor-element-1fd3dc7 elementor-widget elementor-widget-spacer\" data-id=\"1fd3dc7\" data-element_type=\"widget\" data-e-type=\"widget\" data-widget_type=\"spacer.default\">\n\t\t\t\t<div class=\"elementor-widget-container\">\n\t\t\t\t\t\t\t<div class=\"elementor-spacer\">\n\t\t\t<div class=\"elementor-spacer-inner\"><\/div>\n\t\t<\/div>\n\t\t\t\t\t\t<\/div>\n\t\t\t\t<\/div>\n\t\t\t\t\t<\/div>\n\t\t<\/div>\n\t\t\t\t\t<\/div>\n\t\t<\/section>\n\t\t\t\t<\/div>","protected":false},"excerpt":{"rendered":"<p>GET THE CUSTOM CLOTHING PACKAGING AT THE BEST PRICES Bundling is a significant piece of promoting your items thus many attire producers on attire bundling sacks for the bundling of the dress reach. The advantage that these sacks give is the opportunity to involve the bundling as a showcasing device and that is the thing [&hellip;]<\/p>\n","protected":false},"author":1,"featured_media":0,"parent":17408,"menu_order":0,"comment_status":"closed","ping_status":"closed","template":"elementor_header_footer","meta":{"ocean_post_layout":"","ocean_both_sidebars_style":"","ocean_both_sidebars_content_width":0,"ocean_both_sidebars_sidebars_width":0,"ocean_sidebar":"","ocean_second_sidebar":"","ocean_disable_margins":"enable","ocean_add_body_class":"","ocean_shortcode_before_top_bar":"","ocean_shortcode_after_top_bar":"","ocean_shortcode_before_header":"","ocean_shortcode_after_header":"","ocean_has_shortcode":"","ocean_shortcode_after_title":"","ocean_shortcode_before_footer_widgets":"","ocean_shortcode_after_footer_widgets":"","ocean_shortcode_before_footer_bottom":"","ocean_shortcode_after_footer_bottom":"","ocean_display_top_bar":"default","ocean_display_header":"default","ocean_header_style":"","ocean_center_header_left_menu":"","ocean_custom_header_template":"","ocean_custom_logo":0,"ocean_custom_retina_logo":0,"ocean_custom_logo_max_width":0,"ocean_custom_logo_tablet_max_width":0,"ocean_custom_logo_mobile_max_width":0,"ocean_custom_logo_max_height":0,"ocean_custom_logo_tablet_max_height":0,"ocean_custom_logo_mobile_max_height":0,"ocean_header_custom_menu":"","ocean_menu_typo_font_family":"","ocean_menu_typo_font_subset":"","ocean_menu_typo_font_size":0,"ocean_menu_typo_font_size_tablet":0,"ocean_menu_typo_font_size_mobile":0,"ocean_menu_typo_font_size_unit":"px","ocean_menu_typo_font_weight":"","ocean_menu_typo_font_weight_tablet":"","ocean_menu_typo_font_weight_mobile":"","ocean_menu_typo_transform":"","ocean_menu_typo_transform_tablet":"","ocean_menu_typo_transform_mobile":"","ocean_menu_typo_line_height":0,"ocean_menu_typo_line_height_tablet":0,"ocean_menu_typo_line_height_mobile":0,"ocean_menu_typo_line_height_unit":"","ocean_menu_typo_spacing":0,"ocean_menu_typo_spacing_tablet":0,"ocean_menu_typo_spacing_mobile":0,"ocean_menu_typo_spacing_unit":"","ocean_menu_link_color":"","ocean_menu_link_color_hover":"","ocean_menu_link_color_active":"","ocean_menu_link_background":"","ocean_menu_link_hover_background":"","ocean_menu_link_active_background":"","ocean_menu_social_links_bg":"","ocean_menu_social_hover_links_bg":"","ocean_menu_social_links_color":"","ocean_menu_social_hover_links_color":"","ocean_disable_title":"default","ocean_disable_heading":"default","ocean_post_title":"","ocean_post_subheading":"","ocean_post_title_style":"","ocean_post_title_background_color":"","ocean_post_title_background":0,"ocean_post_title_bg_image_position":"","ocean_post_title_bg_image_attachment":"","ocean_post_title_bg_image_repeat":"","ocean_post_title_bg_image_size":"","ocean_post_title_height":0,"ocean_post_title_bg_overlay":0.5,"ocean_post_title_bg_overlay_color":"","ocean_disable_breadcrumbs":"default","ocean_breadcrumbs_color":"","ocean_breadcrumbs_separator_color":"","ocean_breadcrumbs_links_color":"","ocean_breadcrumbs_links_hover_color":"","ocean_display_footer_widgets":"default","ocean_display_footer_bottom":"default","ocean_custom_footer_template":"","footnotes":""},"class_list":["post-17411","page","type-page","status-publish","hentry","entry"],"_links":{"self":[{"href":"https:\/\/bahlolintl.com\/es\/wp-json\/wp\/v2\/pages\/17411","targetHints":{"allow":["GET"]}}],"collection":[{"href":"https:\/\/bahlolintl.com\/es\/wp-json\/wp\/v2\/pages"}],"about":[{"href":"https:\/\/bahlolintl.com\/es\/wp-json\/wp\/v2\/types\/page"}],"author":[{"embeddable":true,"href":"https:\/\/bahlolintl.com\/es\/wp-json\/wp\/v2\/users\/1"}],"replies":[{"embeddable":true,"href":"https:\/\/bahlolintl.com\/es\/wp-json\/wp\/v2\/comments?post=17411"}],"version-history":[{"count":0,"href":"https:\/\/bahlolintl.com\/es\/wp-json\/wp\/v2\/pages\/17411\/revisions"}],"up":[{"embeddable":true,"href":"https:\/\/bahlolintl.com\/es\/wp-json\/wp\/v2\/pages\/17408"}],"wp:attachment":[{"href":"https:\/\/bahlolintl.com\/es\/wp-json\/wp\/v2\/media?parent=17411"}],"curies":[{"name":"wp","href":"https:\/\/api.w.org\/{rel}","templated":true}]}}