{"id":20290,"date":"2023-08-01T02:53:26","date_gmt":"2023-07-31T21:23:26","guid":{"rendered":"https:\/\/bahlolintl.com\/?page_id=20290"},"modified":"2024-10-21T17:23:44","modified_gmt":"2024-10-21T11:53:44","slug":"1test","status":"publish","type":"page","link":"https:\/\/bahlolintl.com\/de\/1test\/","title":{"rendered":"1test"},"content":{"rendered":"<p><img decoding=\"async\" src=\"https:\/\/bahlolintl.com\/wp-content\/plugins\/elementor\/assets\/images\/placeholder.png\" title=\"\" alt=\"\" loading=\"lazy\">\t\t\t\t\t\t\t\t\t\t\t\t\t<\/p>\n<h3>Holen Sie sich Ihr gew\u00fcnschtes Boxhandschuh-Design in Ihre H\u00e4nde<\/h3>\n<h2>CUSTOM Boxing Gloves Manufacturer<\/h2>\n<p>Zenoova is top and high-end Boxing Gloves Manufacturer, we take great delight in providing our clients with top-notch items.<\/p>\n<p>\t\t\t<a href=\"#about\"><br \/>\n\t\t\t\t\t\t\t\t\t\u00dcber uns<br \/>\n\t\t\t\t\t<\/a><\/p>\n<h2>About Us<\/h2>\n<h2>Bespoke Design<\/h2>\n<p>Discover top-quality boxing gloves from Zenoova, the leading and most reputable FPP boxing glove manufacturer in Sialkot, Pakistan. Customize your gloves with personalized logos and enjoy low manufacturing prices.<\/p>\n<p>Choose from a wide variety of leathers, including PU, synthetic, cowhide, and more. Our gloves come in various ounce weights, mold compositions, and padding options to meet all your training and competition needs.<\/p>\n<p>\t\t\t<a href=\"#faqs\"><br \/>\n\t\t\t\t\t\t\t\t\tASK QUESTIONS<br \/>\n\t\t\t\t\t<\/a><br \/>\n\t\t\t\t\t\t\t\t\t\t\t\t\t<img decoding=\"async\" src=\"https:\/\/bahlolintl.com\/wp-content\/plugins\/elementor\/assets\/images\/placeholder.png\" title=\"\" alt=\"\" loading=\"lazy\">\t\t\t\t\t\t\t\t\t\t\t\t\t<\/p>\n<h2>Want Customization?<\/h2>\n<h2>Have Own Design<\/h2>\n<h2>OWN LOGO<\/h2>\n<h2>Customization<\/h2>\n<p>\t\t\tLowest MOQ<br \/>\n\t\t\t\t0<br \/>\n\t\t\tProduction time (days)<br \/>\n\t\t\t\t0<br \/>\n\t\t\tSatisfaction (%)<br \/>\n\t\t\t\t0<br \/>\n\t\t<div style=\"width: 640px;\" class=\"wp-video\"><video class=\"wp-video-shortcode\" id=\"video-20290-1\" width=\"640\" height=\"360\" preload=\"metadata\" controls=\"controls\"><source type=\"video\/webm\" src=\"https:\/\/bahlolintl.com\/wp-content\/uploads\/Boxing-gloves-manufacturer.webm?_=1\" \/><a href=\"https:\/\/bahlolintl.com\/wp-content\/uploads\/Boxing-gloves-manufacturer.webm\">https:\/\/bahlolintl.com\/wp-content\/uploads\/Boxing-gloves-manufacturer.webm<\/a><\/video><\/div>\t\t<\/p>\n<h2>WIE WIR ARBEITEN<\/h2>\n<p>At Zenoova, we pride ourselves on our efficient, customer-focused approach to manufacturing premium boxing gear. Our process is designed to ensure the highest quality products, customized to meet your specific needs, delivered on time, and supported by exceptional customer service. Here\u2019s an overview of how we work:<\/p>\n<h3>\n\t\t\t\t\t\t\tInitial Consultation &#038; Product Specs<br \/>\n\t\t\t\t\t<\/h3>\n<p>\n\t\t\t\t\t\tDiscuss your requirements via phone, email, or virtual meeting, Determine types of gear, quantities, sizes, materials, and customization preferences\t\t\t\t\t<\/p>\n<h3>\n\t\t\t\t\t\t\tDesign and Prototyping<br \/>\n\t\t\t\t\t<\/h3>\n<p>\n\t\t\t\t\t\tCreate custom designs that reflect your brand or style with digital mock-ups and prototypes for approval. Develop and rigorously test prototypes to ensure they meet performance and quality standards.\t\t\t\t\t<\/p>\n<h3>\n\t\t\t\t\t\t\tOrder Placement and Payment<br \/>\n\t\t\t\t\t<\/h3>\n<p>\n\t\t\t\t\t\tPlace orders via email, phone, or online store, 100% Advance for Prototypes Process. And 50-70% deposit for large orders and balance before shipment. We Accept payments via credit card, Western Union, and bank transfer with secure transactions.\t\t\t\t\t<\/p>\n<h3>\n\t\t\t\t\t\t\tMaterial Selection and Manufacturing<br \/>\n\t\t\t\t\t<\/h3>\n<p>\n\t\t\t\t\t\tSource top-grade materials like genuine leather and advanced synthetic composites for durability and comfort and Utilize advanced technology and skilled craftsmanship for high-quality products\t\t\t\t\t<\/p>\n<h3>\n\t\t\t\t\t\t\tPackaging and Shipping<br \/>\n\t\t\t\t\t<\/h3>\n<p>\n\t\t\t\t\t\tWe Offer custom designs, colors, and branding elements tailored to your needs, Seamlessly incorporate logos and branding into the gear.<br \/>\n We Use trusted courier services for small orders and sea or air freight for large orders, managing logistics and customs clearance.\t\t\t\t\t<\/p>\n<h3>\n\t\t\t\t\t\t\tAfter-Sales Service<br \/>\n\t\t\t\t\t<\/h3>\n<p>\n\t\t\t\t\t\tEnsure timely delivery worldwide with experience in international shipping and customs clearance.\t\t\t\t\t<\/p>\n<h2>Please attach with design if<\/h2>\n<h2>Have Own Logo<\/h2>\n<h2>Material Guide<\/h2>\n<p>At Zenoova, we carefully select the best materials to ensure our boxing gear is of the highest quality, durability, and performance. Here are the main materials we use:<\/p>\n<h4>1. Genuine Leather<\/h4>\n<p>Like Cowhide, Sheep, Goat Leather.<\/p>\n<p><strong>Attributes:<\/strong><\/p>\n<ul>\n<li><strong>Langlebigkeit:<\/strong> Exceptional longevity and resistance to wear and tear.<\/li>\n<li><strong>Comfort:<\/strong> Molds to the shape of your hands over time, offering a personalized fit.<\/li>\n<li><strong>Breathability:<\/strong> Natural breathability keeps your hands cool and dry during use.<\/li>\n<\/ul>\n<h4>2. Synthetic Leather<\/h4>\n<p>Like Synthetic PU etc.<\/p>\n<p><strong>Attributes:<\/strong><\/p>\n<ul>\n<li><strong>Affordability:<\/strong> A cost-effective alternative to genuine leather.<\/li>\n<li><strong>Langlebigkeit:<\/strong> High-grade synthetic leather offers excellent resistance to wear and tear.<\/li>\n<li><strong>Maintenance:<\/strong> Easy to clean and maintain compared to genuine leather.<\/li>\n<\/ul>\n<p>\t\t\t<a href=\"https:\/\/zenoova.com\/2024\/06\/13\/zenoova-boxing-gloves-complete-material-guide\/\" target=\"_blank\" rel=\"noopener\"><br \/>\n\t\t\t\t\t\t\t\t\tMore Details<br \/>\n\t\t\t\t\t<\/a><\/p>\n<h2>Featured work<\/h2>\n<h2>WIE BESTELLEN<\/h2>\n<p>Ordering from Zenoova is simple and straightforward. Follow these steps to get your premium boxing gear:<\/p>\n<h4>1. Contact Us<\/h4>\n<p><strong>Email:<\/strong> info@zenoova.com<\/p>\n<p><strong>Consultation:<\/strong><\/p>\n<ol>\n<li>Discuss your needs, including gear type, <strong>quantity<\/strong>, <strong>sizes<\/strong>, <strong>materials<\/strong>, and customization options.<\/li>\n<li>Tell us colors, <strong>logos<\/strong>, and designs to match your brand or preferences.<\/li>\n<li>Receive a detailed <strong>quotation<\/strong> based on your requirements.<\/li>\n<\/ol>\n<p>In case, you don&#8217;t have digital mockups:\u00a0 \u00a0<\/p>\n<p><strong>HAND DRAWN SKETCH<\/strong> OR OTHER GLOVES <strong>REFERENCE<\/strong> <strong>PICTURES<\/strong> WILL WORK AS WELL.<\/p>\n<h4>2. Order Confirmation<\/h4>\n<p><strong>Review<\/strong> the all details, then provide necessary documentation.<\/p>\n<p><strong>Payment:<\/strong><\/p>\n<ul>\n<li><strong>Deposit:<\/strong> 60% to start production in Bulk. <strong>Total Advance<\/strong> for <strong>Samples<\/strong><\/li>\n<li><strong>Balance:<\/strong> Due before shipment.<\/li>\n<li><strong>Methods:<\/strong> Credit card, Western Union, bank transfer etc.<\/li>\n<\/ul>\n<p>\t\t\t<a href=\"mailto:info@zenoova.com\"><br \/>\n\t\t\t\t\t\t\t\t\tKONTAKT US<br \/>\n\t\t\t\t\t<\/a><\/p>\n<h2>What other products we do manufacture and supply<\/h2>\n<h2>Other Products<\/h2>\n<p>\t\t\t<a href=\"mailto:info@zenoova.com\"><br \/>\n\t\t\t\t\t\t\t\t\tInquire us<br \/>\n\t\t\t\t\t<\/a><\/p>\n<h2>FREQUENT ASKED QUESTIONS<\/h2>\n<h2>PROCESS INFORMATION<\/h2>\n<h4 id=\"elementor-tab-title-1811\" data-tab=\"1\" role=\"button\" aria-controls=\"elementor-tab-content-1811\" aria-expanded=\"false\">\n\t\t\t\t\t\t\t\t\t\t\t\t<a tabindex=\"0\">Wie kann ich eine Bestellung aufgeben?<\/a><br \/>\n\t\t\t\t\t<\/h4>\n<p>Sie k\u00f6nnen eine Bestellung aufgeben, indem Sie unser Verkaufsteam per E-Mail oder Telefon kontaktieren. Unser Vertriebsteam wird Sie durch den Bestellvorgang f\u00fchren und Ihnen alle notwendigen Informationen geben.<\/p>\n<h4 id=\"elementor-tab-title-1812\" data-tab=\"2\" role=\"button\" aria-controls=\"elementor-tab-content-1812\" aria-expanded=\"false\">\n\t\t\t\t\t\t\t\t\t\t\t\t<a tabindex=\"0\">What Details I need to provide you for Order<\/a><br \/>\n\t\t\t\t\t<\/h4>\n<h3>Product Specifications<\/h3>\n<ol>\n<li>\n<p><strong>Types of Product:<\/strong><\/p>\n<ul>\n<li>Wie Produktdesign oder ein Referenzbild (f\u00fcr Material- und Qualit\u00e4tspr\u00fcfungszwecke)<\/li>\n<\/ul>\n<\/li>\n<li>\n<p><strong>Quantities:<\/strong><\/p>\n<ul>\n<li>Determine the number of each type of gear needed.<\/li>\n<li>Ziehen Sie eine Sammelbestellung in Betracht, wenn Rabatte m\u00f6glich sind.<\/li>\n<\/ul>\n<\/li>\n<li>\n<p><strong>Sizes and Weights:<\/strong><\/p>\n<ul>\n<li>Boxing gloves (e.g., 8oz, 10oz, 12oz, 14oz, 16oz)<\/li>\n<li>Apparel sizes (e.g., S, M, L, XL)<\/li>\n<li>Other size requirements for protective gear and training equipment.<\/li>\n<\/ul>\n<\/li>\n<li>\n<p><strong>Materials:<\/strong><\/p>\n<ul>\n<li>Preferences for materials (leather, synthetic, moisture-wicking fabrics).<\/li>\n<li>Besondere Anforderungen an Haltbarkeit und Komfort.<\/li>\n<\/ul>\n<\/li>\n<\/ol>\n<h3>Customization Options<\/h3>\n<ol>\n<li>\n<p><strong>Design-Pr\u00e4ferenzen:<\/strong><\/p>\n<ul>\n<li>Individuelle Designs, Farben und Branding-Elemente.<\/li>\n<li>Logos und andere Markendetails.<\/li>\n<\/ul>\n<\/li>\n<li>\n<p><strong>Spezifische Modifikationen:<\/strong><\/p>\n<ul>\n<li>Spezielle \u00c4nderungen oder Merkmale, die erforderlich sind, um bestimmte Leistungs- oder gesetzliche Anforderungen zu erf\u00fcllen.<\/li>\n<\/ul>\n<\/li>\n<\/ol>\n<h4 id=\"elementor-tab-title-1813\" data-tab=\"3\" role=\"button\" aria-controls=\"elementor-tab-content-1813\" aria-expanded=\"false\">\n\t\t\t\t\t\t\t\t\t\t\t\t<a tabindex=\"0\">Wie ist Ihr R\u00fcckgaberecht?<\/a><br \/>\n\t\t\t\t\t<\/h4>\n<p>Wir akzeptieren R\u00fccksendungen f\u00fcr defekte, besch\u00e4digte, unterschiedliche<strong> Farben, Gr\u00f6\u00dfen<\/strong> Produkte als \"Best\u00e4tigt\". Bitte kontaktieren Sie unseren Kundenservice, um eine R\u00fcckgabe zu veranlassen. Kundenspezifische oder personalisierte Produkte k\u00f6nnen nicht zur\u00fcckgegeben werden, es sei denn, sie sind defekt oder besch\u00e4digt.<\/p>\n<h4 id=\"elementor-tab-title-1814\" data-tab=\"4\" role=\"button\" aria-controls=\"elementor-tab-content-1814\" aria-expanded=\"false\">\n\t\t\t\t\t\t\t\t\t\t\t\t<a tabindex=\"0\">Welche Zahlungsarten akzeptieren Sie?<\/a><br \/>\n\t\t\t\t\t<\/h4>\n<p>F\u00fcr kleine Bestellungen akzeptieren wir Vorauszahlungen per Kreditkarte, Western Union, Wise, Money Gram, Remittly und Bank\u00fcberweisung.<\/p>\n<p>Bei Gro\u00dfauftr\u00e4gen verlangen wir in der Regel eine Anzahlung von 60% bei Auftragsbest\u00e4tigung, der Restbetrag von 40% ist vor Versand zu zahlen. Die Zahlung kann per Bank\u00fcberweisung oder andere vereinbarte Methoden erfolgen.<\/p>\n<h4 id=\"elementor-tab-title-1815\" data-tab=\"5\" role=\"button\" aria-controls=\"elementor-tab-content-1815\" aria-expanded=\"false\">\n\t\t\t\t\t\t\t\t\t\t\t\t<a tabindex=\"0\">What types of boxing gloves do you offer?<\/a><br \/>\n\t\t\t\t\t<\/h4>\n<p>We offer a variety of boxing gloves including training gloves, sparring gloves, competition gloves, and bag gloves. Our gloves come in different weights (8oz to 16oz) and materials (leather, synthetic) to suit various training and competition needs.<\/p>\n<h4 id=\"elementor-tab-title-1816\" data-tab=\"6\" role=\"button\" aria-controls=\"elementor-tab-content-1816\" aria-expanded=\"false\">\n\t\t\t\t\t\t\t\t\t\t\t\t<a tabindex=\"0\">Can I customize the boxing gear?<\/a><br \/>\n\t\t\t\t\t<\/h4>\n<p>Ja, wir bieten Anpassungsm\u00f6glichkeiten f\u00fcr unsere Boxbekleidung. Sie k\u00f6nnen individuelle Designs, Farben und Branding-Elemente w\u00e4hlen, die Ihre Marke oder Ihren pers\u00f6nlichen Stil widerspiegeln. Kontaktieren Sie unser Designteam, um Ihre spezifischen Anforderungen zu besprechen.<\/p>\n<h4 id=\"elementor-tab-title-1817\" data-tab=\"7\" role=\"button\" aria-controls=\"elementor-tab-content-1817\" aria-expanded=\"false\">\n\t\t\t\t\t\t\t\t\t\t\t\t<a tabindex=\"0\">What materials are used in your boxing gear?<\/a><br \/>\n\t\t\t\t\t<\/h4>\n<p>We use top-grade materials including genuine leather, advanced synthetic composites, and moisture-wicking fabrics. Our materials are selected for their durability, comfort, and ability to absorb impact effectively.<\/p>\n<h4 id=\"elementor-tab-title-1818\" data-tab=\"8\" role=\"button\" aria-controls=\"elementor-tab-content-1818\" aria-expanded=\"false\">\n\t\t\t\t\t\t\t\t\t\t\t\t<a tabindex=\"0\">Wie stellen Sie die Qualit\u00e4t Ihrer Produkte sicher?<\/a><br \/>\n\t\t\t\t\t<\/h4>\n<p>Unser Qualit\u00e4tssicherungsprozess umfasst strenge Tests in der Produktionsphase. Wir beziehen erstklassige Materialien und setzen bei der Herstellung handwerkliches Geschick ein. Jedes Produkt wird umfassenden Tests unterzogen, um die internationalen Sicherheits- und Leistungsstandards zu erf\u00fcllen.<\/p>\n<h4 id=\"elementor-tab-title-1819\" data-tab=\"9\" role=\"button\" aria-controls=\"elementor-tab-content-1819\" aria-expanded=\"false\">\n\t\t\t\t\t\t\t\t\t\t\t\t<a tabindex=\"0\">Bieten Sie Rabatte f\u00fcr Gro\u00dfbestellungen an?<\/a><br \/>\n\t\t\t\t\t<\/h4>\n<p>Ja, wir bieten Rabatte f\u00fcr Gro\u00dfauftr\u00e4ge. Bitte kontaktieren Sie unser Vertriebsteam, um Ihre spezifischen Anforderungen zu besprechen und ein individuelles Angebot auf der Grundlage Ihres Auftragsvolumens zu erhalten.<\/p>\n<h3>Production and Delivery<\/h3>\n<h4 id=\"elementor-tab-title-9651\" data-tab=\"1\" role=\"button\" aria-controls=\"elementor-tab-content-9651\" aria-expanded=\"false\">\n\t\t\t\t\t\t\t\t\t\t\t\t<a tabindex=\"0\">Wie hoch ist die verf\u00fcgbare Mindestbestellmenge?<\/a><br \/>\n\t\t\t\t\t<\/h4>\n<p>Unsere Mindestmengen beginnen in der Regel bei 50-100 Artikeln pro Stil.<\/p>\n<h4 id=\"elementor-tab-title-9652\" data-tab=\"2\" role=\"button\" aria-controls=\"elementor-tab-content-9652\" aria-expanded=\"false\">\n\t\t\t\t\t\t\t\t\t\t\t\t<a tabindex=\"0\">Kann ich Muster oder Prototypen anfertigen lassen? oder kostenlose Muster?<\/a><br \/>\n\t\t\t\t\t<\/h4>\n<p>Ja, Sie k\u00f6nnen Proben erhalten. Aber wir bieten keine kostenlosen Proben an. Denn meistens gibt es viele komplizierte und teure Dinge, die bei der Probenahme beachtet werden m\u00fcssen.<\/p>\n<h4 id=\"elementor-tab-title-9653\" data-tab=\"3\" role=\"button\" aria-controls=\"elementor-tab-content-9653\" aria-expanded=\"false\">\n\t\t\t\t\t\t\t\t\t\t\t\t<a tabindex=\"0\">Wie lange dauert die Produktion und auch der Prototyp?<\/a><br \/>\n\t\t\t\t\t<\/h4>\n<p>Wir ben\u00f6tigen 30 Tage f\u00fcr die Massenproduktion gem\u00e4\u00df MOQ. Mehr Tage h\u00e4ngt von der Menge der Bestellung.<\/p>\n<p>Und der Prototyp ben\u00f6tigt 20 Tage f\u00fcr die Produktion<\/p>\n<h4 id=\"elementor-tab-title-9654\" data-tab=\"4\" role=\"button\" aria-controls=\"elementor-tab-content-9654\" aria-expanded=\"false\">\n\t\t\t\t\t\t\t\t\t\t\t\t<a tabindex=\"0\">Wie lange dauert es, bis ich meine Bestellung erhalte?<\/a><br \/>\n\t\t\t\t\t<\/h4>\n<p>Shipping times depend on the size of the order and the destination. Small orders shipped via courier usually arrive within 5-7 business days. Large orders shipped via sea freight or air freight may take longer. We provide estimated delivery times when you place your order.<\/p>\n<h4 id=\"elementor-tab-title-9655\" data-tab=\"5\" role=\"button\" aria-controls=\"elementor-tab-content-9655\" aria-expanded=\"false\">\n\t\t\t\t\t\t\t\t\t\t\t\t<a tabindex=\"0\">Welche Versandoptionen gibt es?<\/a><br \/>\n\t\t\t\t\t<\/h4>\n<p>Wir bieten zuverl\u00e4ssige Versandoptionen, darunter Kurierdienste (DHL, FedEx, UPS) f\u00fcr kleine Bestellungen sowie See- und Luftfracht f\u00fcr gro\u00dfe Bestellungen. Wir erstellen detaillierte Kostenvoranschl\u00e4ge f\u00fcr den Versand und \u00fcbernehmen die gesamte Logistik, um eine reibungslose und p\u00fcnktliche Lieferung zu gew\u00e4hrleisten.<\/p>\n<h4 id=\"elementor-tab-title-9656\" data-tab=\"6\" role=\"button\" aria-controls=\"elementor-tab-content-9656\" aria-expanded=\"false\">\n\t\t\t\t\t\t\t\t\t\t\t\t<a tabindex=\"0\">Bieten Sie internationalen Versand an?<\/a><br \/>\n\t\t\t\t\t<\/h4>\n<p>Ja, wir versenden unsere Produkte weltweit. Wir verf\u00fcgen \u00fcber umfassende Erfahrung im internationalen Versand und sorgen daf\u00fcr, dass Ihre Bestellungen sicher und p\u00fcnktlich ankommen. Wir k\u00fcmmern uns um die Zollabfertigung und andere beh\u00f6rdliche Anforderungen f\u00fcr internationale Sendungen.<\/p>\n<h4 id=\"elementor-tab-title-9657\" data-tab=\"7\" role=\"button\" aria-controls=\"elementor-tab-content-9657\" aria-expanded=\"false\">\n\t\t\t\t\t\t\t\t\t\t\t\t<a tabindex=\"0\">Wie kann ich mich mit dem Kundendienst in Verbindung setzen?<\/a><br \/>\n\t\t\t\t\t<\/h4>\n<p>Sie k\u00f6nnen unser Kundensupport-Team per E-Mail erreichen <a href=\"mailto:info@zenoova.com\">info@zenoova.com<\/a>, Telefon oder \u00fcber das Kontaktformular auf unserer Website. Unser engagiertes Support-Team steht Ihnen bei allen Fragen und Anliegen zur Seite.<\/p>\n<h4 id=\"elementor-tab-title-9658\" data-tab=\"8\" role=\"button\" aria-controls=\"elementor-tab-content-9658\" aria-expanded=\"false\">\n\t\t\t\t\t\t\t\t\t\t\t\t<a tabindex=\"0\">Was sind Ihre Zahlungsm\u00f6glichkeiten? Und Zahlungsbedingungen?<\/a><br \/>\n\t\t\t\t\t<\/h4>\n<p>Sie k\u00f6nnen uns per TT, Bank\u00fcberweisung, Western Union, MoneyGram, Transfer weise bezahlen.<\/p>\n<p><strong>Zahlungsbedingungen:<\/strong><\/p>\n<ul>\n<li><strong>Kleine Bestellungen:<\/strong> Die Zahlung f\u00fcr kleine Bestellungen kann per Kreditkarte erfolgen, &amp; oben erw\u00e4hnt. Wir verlangen die vollst\u00e4ndige Zahlung vor dem Versand. Sichere Online-Zahlungsoptionen gew\u00e4hrleisten einen sicheren Transaktionsprozess.<\/li>\n<li><strong>Gro\u00dfe Bestellungen:<\/strong> F\u00fcr Gro\u00dfauftr\u00e4ge bieten wir flexible Zahlungsbedingungen. In der Regel wird bei Auftragsbest\u00e4tigung eine Anzahlung von 60% verlangt, der Restbetrag von 40% ist vor dem Versand zu zahlen. Die Zahlung kann per Bank\u00fcberweisung oder andere vereinbarte Methoden erfolgen.<\/li>\n<\/ul>\n<h2>KONTAKT US<\/h2>\n<h2>Please contact us for more details about pricing and more product information. FILL THE FORM OR EMAIL US<\/h2>\n<p>\t\t\t<a href=\"mailto:info@zenoova.com\"><br \/>\n\t\t\t\t\t\t\t\t\tEMAIL US<br \/>\n\t\t\t\t\t<\/a><br \/>\n\t\t<br \/>\n\t\t\t<a href=\"#contact\"><br \/>\n\t\t\t\t\t\t\t\t\tKONTAKT US<br \/>\n\t\t\t\t\t<\/a><\/p>\n<h2><a href=\"#top\">ZENOOVA<\/a><\/h2>\n<ul>\n<li>\n\t\t\t\t\t\t\t\t\t\t\t<a href=\"#about\"><br \/>\n\t\t\t\t\t\t\t\t\t\t\t\u00dcBER UNS<br \/>\n\t\t\t\t\t\t\t\t\t\t\t<\/a>\n\t\t\t\t\t\t\t\t\t<\/li>\n<li>\n\t\t\t\t\t\t\t\t\t\t\t<a href=\"#work\"><br \/>\n\t\t\t\t\t\t\t\t\t\t\tWIE WIR ARBEITEN<br \/>\n\t\t\t\t\t\t\t\t\t\t\t<\/a>\n\t\t\t\t\t\t\t\t\t<\/li>\n<li>\n\t\t\t\t\t\t\t\t\t\t\t<a href=\"#material\"><br \/>\n\t\t\t\t\t\t\t\t\t\t\tLEITFADEN F\u00dcR MATERIALIEN<br \/>\n\t\t\t\t\t\t\t\t\t\t\t<\/a>\n\t\t\t\t\t\t\t\t\t<\/li>\n<li>\n\t\t\t\t\t\t\t\t\t\t\t<a href=\"#order\"><br \/>\n\t\t\t\t\t\t\t\t\t\t\tHOW TO ORDER?<br \/>\n\t\t\t\t\t\t\t\t\t\t\t<\/a>\n\t\t\t\t\t\t\t\t\t<\/li>\n<li>\n\t\t\t\t\t\t\t\t\t\t\t<a href=\"#pics\"><br \/>\n\t\t\t\t\t\t\t\t\t\t\tPRODUKTIONSARBEITEN<br \/>\n\t\t\t\t\t\t\t\t\t\t\t<\/a>\n\t\t\t\t\t\t\t\t\t<\/li>\n<li>\n\t\t\t\t\t\t\t\t\t\t\t<a href=\"#products\"><br \/>\n\t\t\t\t\t\t\t\t\t\t\tANDERE PRODUKTE<br \/>\n\t\t\t\t\t\t\t\t\t\t\t<\/a>\n\t\t\t\t\t\t\t\t\t<\/li>\n<li>\n\t\t\t\t\t\t\t\t\t\t\t<a href=\"#faqs\"><br \/>\n\t\t\t\t\t\t\t\t\t\t\tASK QUESTIONS ?<br \/>\n\t\t\t\t\t\t\t\t\t\t\t<\/a>\n\t\t\t\t\t\t\t\t\t<\/li>\n<li>\n\t\t\t\t\t\t\t\t\t\t\t<a href=\"#contact\"><br \/>\n\t\t\t\t\t\t\t\t\t\t\tKONTAKT US<br \/>\n\t\t\t\t\t\t\t\t\t\t\t<\/a>\n\t\t\t\t\t\t\t\t\t<\/li>\n<\/ul>\n<p>\t\t\t\t\t<a href=\"#\" target=\"_blank\" rel=\"noopener\"><br \/>\n\t\t\t\t\t\tFacebook<br \/>\n\t\t\t\t\t\t\t\t\t\t\t<\/a><br \/>\n\t\t\t\t\t<a href=\"#\" target=\"_blank\" rel=\"noopener\"><br \/>\n\t\t\t\t\t\tTwitter<br \/>\n\t\t\t\t\t\t\t\t\t\t\t<\/a><br \/>\n\t\t\t\t\t<a href=\"#\" target=\"_blank\" rel=\"noopener\"><br \/>\n\t\t\t\t\t\tInstagram<br \/>\n\t\t\t\t\t\t\t\t\t\t\t<\/a><br \/>\n\t\t\t\t\t<a href=\"#\" target=\"_blank\" rel=\"noopener\"><br \/>\n\t\t\t\t\t\tLinkedin<br \/>\n\t\t\t\t\t\t\t\t\t\t\t<\/a><\/p>","protected":false},"excerpt":{"rendered":"<p>Get your desired Boxing Gloves design in your hands CUSTOM Boxing Gloves Manufacturer Zenoova is top and high-end Boxing Gloves Manufacturer, we take great delight in providing our clients with top-notch items. About us About Us Bespoke Design Discover top-quality boxing gloves from Zenoova, the leading and most reputable FPP boxing glove manufacturer in Sialkot, [&hellip;]<\/p>\n","protected":false},"author":1,"featured_media":32190,"parent":0,"menu_order":0,"comment_status":"closed","ping_status":"closed","template":"","meta":{"ocean_post_layout":"","ocean_both_sidebars_style":"","ocean_both_sidebars_content_width":0,"ocean_both_sidebars_sidebars_width":0,"ocean_sidebar":"0","ocean_second_sidebar":"0","ocean_disable_margins":"enable","ocean_add_body_class":"","ocean_shortcode_before_top_bar":"","ocean_shortcode_after_top_bar":"","ocean_shortcode_before_header":"","ocean_shortcode_after_header":"","ocean_has_shortcode":"","ocean_shortcode_after_title":"","ocean_shortcode_before_footer_widgets":"","ocean_shortcode_after_footer_widgets":"","ocean_shortcode_before_footer_bottom":"","ocean_shortcode_after_footer_bottom":"","ocean_display_top_bar":"default","ocean_display_header":"default","ocean_header_style":"","ocean_center_header_left_menu":"0","ocean_custom_header_template":"0","ocean_custom_logo":0,"ocean_custom_retina_logo":0,"ocean_custom_logo_max_width":0,"ocean_custom_logo_tablet_max_width":0,"ocean_custom_logo_mobile_max_width":0,"ocean_custom_logo_max_height":0,"ocean_custom_logo_tablet_max_height":0,"ocean_custom_logo_mobile_max_height":0,"ocean_header_custom_menu":"0","ocean_menu_typo_font_family":"0","ocean_menu_typo_font_subset":"","ocean_menu_typo_font_size":0,"ocean_menu_typo_font_size_tablet":0,"ocean_menu_typo_font_size_mobile":0,"ocean_menu_typo_font_size_unit":"px","ocean_menu_typo_font_weight":"","ocean_menu_typo_font_weight_tablet":"","ocean_menu_typo_font_weight_mobile":"","ocean_menu_typo_transform":"","ocean_menu_typo_transform_tablet":"","ocean_menu_typo_transform_mobile":"","ocean_menu_typo_line_height":0,"ocean_menu_typo_line_height_tablet":0,"ocean_menu_typo_line_height_mobile":0,"ocean_menu_typo_line_height_unit":"","ocean_menu_typo_spacing":0,"ocean_menu_typo_spacing_tablet":0,"ocean_menu_typo_spacing_mobile":0,"ocean_menu_typo_spacing_unit":"","ocean_menu_link_color":"","ocean_menu_link_color_hover":"","ocean_menu_link_color_active":"","ocean_menu_link_background":"","ocean_menu_link_hover_background":"","ocean_menu_link_active_background":"","ocean_menu_social_links_bg":"","ocean_menu_social_hover_links_bg":"","ocean_menu_social_links_color":"","ocean_menu_social_hover_links_color":"","ocean_disable_title":"default","ocean_disable_heading":"default","ocean_post_title":"","ocean_post_subheading":"","ocean_post_title_style":"","ocean_post_title_background_color":"","ocean_post_title_background":0,"ocean_post_title_bg_image_position":"","ocean_post_title_bg_image_attachment":"","ocean_post_title_bg_image_repeat":"","ocean_post_title_bg_image_size":"","ocean_post_title_height":0,"ocean_post_title_bg_overlay":0.5,"ocean_post_title_bg_overlay_color":"","ocean_disable_breadcrumbs":"default","ocean_breadcrumbs_color":"","ocean_breadcrumbs_separator_color":"","ocean_breadcrumbs_links_color":"","ocean_breadcrumbs_links_hover_color":"","ocean_display_footer_widgets":"default","ocean_display_footer_bottom":"default","ocean_custom_footer_template":"0","footnotes":""},"class_list":["post-20290","page","type-page","status-publish","has-post-thumbnail","hentry","entry","has-media"],"_links":{"self":[{"href":"https:\/\/bahlolintl.com\/de\/wp-json\/wp\/v2\/pages\/20290","targetHints":{"allow":["GET"]}}],"collection":[{"href":"https:\/\/bahlolintl.com\/de\/wp-json\/wp\/v2\/pages"}],"about":[{"href":"https:\/\/bahlolintl.com\/de\/wp-json\/wp\/v2\/types\/page"}],"author":[{"embeddable":true,"href":"https:\/\/bahlolintl.com\/de\/wp-json\/wp\/v2\/users\/1"}],"replies":[{"embeddable":true,"href":"https:\/\/bahlolintl.com\/de\/wp-json\/wp\/v2\/comments?post=20290"}],"version-history":[{"count":0,"href":"https:\/\/bahlolintl.com\/de\/wp-json\/wp\/v2\/pages\/20290\/revisions"}],"wp:featuredmedia":[{"embeddable":true,"href":"https:\/\/bahlolintl.com\/de\/wp-json\/wp\/v2\/media\/32190"}],"wp:attachment":[{"href":"https:\/\/bahlolintl.com\/de\/wp-json\/wp\/v2\/media?parent=20290"}],"curies":[{"name":"wp","href":"https:\/\/api.w.org\/{rel}","templated":true}]}}