{"id":20290,"date":"2023-08-01T02:53:26","date_gmt":"2023-07-31T21:23:26","guid":{"rendered":"https:\/\/bahlolintl.com\/?page_id=20290"},"modified":"2024-10-21T17:23:44","modified_gmt":"2024-10-21T11:53:44","slug":"1test","status":"publish","type":"page","link":"https:\/\/bahlolintl.com\/br\/1test\/","title":{"rendered":"1test"},"content":{"rendered":"<p><img decoding=\"async\" src=\"https:\/\/bahlolintl.com\/wp-content\/plugins\/elementor\/assets\/images\/placeholder.png\" title=\"\" alt=\"\" loading=\"lazy\">\t\t\t\t\t\t\t\t\t\t\t\t\t<\/p>\n<h3>Get your desired Boxing Gloves design in your hands<\/h3>\n<h2>CUSTOM Boxing Gloves Manufacturer<\/h2>\n<p>Zenoova is top and high-end Boxing Gloves Manufacturer, we take great delight in providing our clients with top-notch items.<\/p>\n<p>\t\t\t<a href=\"#about\"><br \/>\n\t\t\t\t\t\t\t\t\tSobre n\u00f3s<br \/>\n\t\t\t\t\t<\/a><\/p>\n<h2>About Us<\/h2>\n<h2>Bespoke Design<\/h2>\n<p>Discover top-quality boxing gloves from Zenoova, the leading and most reputable FPP boxing glove manufacturer in Sialkot, Pakistan. Customize your gloves with personalized logos and enjoy low manufacturing prices.<\/p>\n<p>Choose from a wide variety of leathers, including PU, synthetic, cowhide, and more. Our gloves come in various ounce weights, mold compositions, and padding options to meet all your training and competition needs.<\/p>\n<p>\t\t\t<a href=\"#faqs\"><br \/>\n\t\t\t\t\t\t\t\t\tASK QUESTIONS<br \/>\n\t\t\t\t\t<\/a><br \/>\n\t\t\t\t\t\t\t\t\t\t\t\t\t<img decoding=\"async\" src=\"https:\/\/bahlolintl.com\/wp-content\/plugins\/elementor\/assets\/images\/placeholder.png\" title=\"\" alt=\"\" loading=\"lazy\">\t\t\t\t\t\t\t\t\t\t\t\t\t<\/p>\n<h2>Want Customization?<\/h2>\n<h2>Have Own Design<\/h2>\n<h2>OWN LOGO<\/h2>\n<h2>Customization<\/h2>\n<p>\t\t\tLowest MOQ<br \/>\n\t\t\t\t0<br \/>\n\t\t\tProduction time (days)<br \/>\n\t\t\t\t0<br \/>\n\t\t\tSatisfaction (%)<br \/>\n\t\t\t\t0<br \/>\n\t\t<div style=\"width: 640px;\" class=\"wp-video\"><video class=\"wp-video-shortcode\" id=\"video-20290-1\" width=\"640\" height=\"360\" preload=\"metadata\" controls=\"controls\"><source type=\"video\/webm\" src=\"https:\/\/bahlolintl.com\/wp-content\/uploads\/Boxing-gloves-manufacturer.webm?_=1\" \/><a href=\"https:\/\/bahlolintl.com\/wp-content\/uploads\/Boxing-gloves-manufacturer.webm\">https:\/\/bahlolintl.com\/wp-content\/uploads\/Boxing-gloves-manufacturer.webm<\/a><\/video><\/div>\t\t<\/p>\n<h2>HOW WE WORK<\/h2>\n<p>At Zenoova, we pride ourselves on our efficient, customer-focused approach to manufacturing premium boxing gear. Our process is designed to ensure the highest quality products, customized to meet your specific needs, delivered on time, and supported by exceptional customer service. Here\u2019s an overview of how we work:<\/p>\n<h3>\n\t\t\t\t\t\t\tInitial Consultation &#038; Product Specs<br \/>\n\t\t\t\t\t<\/h3>\n<p>\n\t\t\t\t\t\tDiscuss your requirements via phone, email, or virtual meeting, Determine types of gear, quantities, sizes, materials, and customization preferences\t\t\t\t\t<\/p>\n<h3>\n\t\t\t\t\t\t\tDesign and Prototyping<br \/>\n\t\t\t\t\t<\/h3>\n<p>\n\t\t\t\t\t\tCreate custom designs that reflect your brand or style with digital mock-ups and prototypes for approval. Develop and rigorously test prototypes to ensure they meet performance and quality standards.\t\t\t\t\t<\/p>\n<h3>\n\t\t\t\t\t\t\tOrder Placement and Payment<br \/>\n\t\t\t\t\t<\/h3>\n<p>\n\t\t\t\t\t\tPlace orders via email, phone, or online store, 100% Advance for Prototypes Process. And 50-70% deposit for large orders and balance before shipment. We Accept payments via credit card, Western Union, and bank transfer with secure transactions.\t\t\t\t\t<\/p>\n<h3>\n\t\t\t\t\t\t\tMaterial Selection and Manufacturing<br \/>\n\t\t\t\t\t<\/h3>\n<p>\n\t\t\t\t\t\tSource top-grade materials like genuine leather and advanced synthetic composites for durability and comfort and Utilize advanced technology and skilled craftsmanship for high-quality products\t\t\t\t\t<\/p>\n<h3>\n\t\t\t\t\t\t\tPackaging and Shipping<br \/>\n\t\t\t\t\t<\/h3>\n<p>\n\t\t\t\t\t\tWe Offer custom designs, colors, and branding elements tailored to your needs, Seamlessly incorporate logos and branding into the gear.<br \/>\n We Use trusted courier services for small orders and sea or air freight for large orders, managing logistics and customs clearance.\t\t\t\t\t<\/p>\n<h3>\n\t\t\t\t\t\t\tAfter-Sales Service<br \/>\n\t\t\t\t\t<\/h3>\n<p>\n\t\t\t\t\t\tEnsure timely delivery worldwide with experience in international shipping and customs clearance.\t\t\t\t\t<\/p>\n<h2>Please attach with design if<\/h2>\n<h2>Have Own Logo<\/h2>\n<h2>Material Guide<\/h2>\n<p>At Zenoova, we carefully select the best materials to ensure our boxing gear is of the highest quality, durability, and performance. Here are the main materials we use:<\/p>\n<h4>1. Genuine Leather<\/h4>\n<p>Like Cowhide, Sheep, Goat Leather.<\/p>\n<p><strong>Attributes:<\/strong><\/p>\n<ul>\n<li><strong>Durabilidade:<\/strong> Exceptional longevity and resistance to wear and tear.<\/li>\n<li><strong>Comfort:<\/strong> Molds to the shape of your hands over time, offering a personalized fit.<\/li>\n<li><strong>Breathability:<\/strong> Natural breathability keeps your hands cool and dry during use.<\/li>\n<\/ul>\n<h4>2. Synthetic Leather<\/h4>\n<p>Like Synthetic PU etc.<\/p>\n<p><strong>Attributes:<\/strong><\/p>\n<ul>\n<li><strong>Affordability:<\/strong> A cost-effective alternative to genuine leather.<\/li>\n<li><strong>Durabilidade:<\/strong> High-grade synthetic leather offers excellent resistance to wear and tear.<\/li>\n<li><strong>Maintenance:<\/strong> Easy to clean and maintain compared to genuine leather.<\/li>\n<\/ul>\n<p>\t\t\t<a href=\"https:\/\/zenoova.com\/2024\/06\/13\/zenoova-boxing-gloves-complete-material-guide\/\" target=\"_blank\" rel=\"noopener\"><br \/>\n\t\t\t\t\t\t\t\t\tMore Details<br \/>\n\t\t\t\t\t<\/a><\/p>\n<h2>Featured work<\/h2>\n<h2>COMO FAZER O PEDIDO<\/h2>\n<p>Ordering from Zenoova is simple and straightforward. Follow these steps to get your premium boxing gear:<\/p>\n<h4>1. Contact Us<\/h4>\n<p><strong>Email:<\/strong> info@zenoova.com<\/p>\n<p><strong>Consultation:<\/strong><\/p>\n<ol>\n<li>Discuss your needs, including gear type, <strong>quantity<\/strong>, <strong>sizes<\/strong>, <strong>materials<\/strong>, and customization options.<\/li>\n<li>Tell us colors, <strong>logos<\/strong>, and designs to match your brand or preferences.<\/li>\n<li>Receive a detailed <strong>quotation<\/strong> based on your requirements.<\/li>\n<\/ol>\n<p>In case, you don&#8217;t have digital mockups:\u00a0 \u00a0<\/p>\n<p><strong>HAND DRAWN SKETCH<\/strong> OR OTHER GLOVES <strong>REFERENCE<\/strong> <strong>PICTURES<\/strong> WILL WORK AS WELL.<\/p>\n<h4>2. Order Confirmation<\/h4>\n<p><strong>Review<\/strong> the all details, then provide necessary documentation.<\/p>\n<p><strong>Payment:<\/strong><\/p>\n<ul>\n<li><strong>Deposit:<\/strong> 60% to start production in Bulk. <strong>Total Advance<\/strong> for <strong>Samples<\/strong><\/li>\n<li><strong>Balance:<\/strong> Due before shipment.<\/li>\n<li><strong>Methods:<\/strong> Credit card, Western Union, bank transfer etc.<\/li>\n<\/ul>\n<p>\t\t\t<a href=\"mailto:info@zenoova.com\"><br \/>\n\t\t\t\t\t\t\t\t\tENTRE EM CONTATO CONOSCO<br \/>\n\t\t\t\t\t<\/a><\/p>\n<h2>What other products we do manufacture and supply<\/h2>\n<h2>Other Products<\/h2>\n<p>\t\t\t<a href=\"mailto:info@zenoova.com\"><br \/>\n\t\t\t\t\t\t\t\t\tInquire us<br \/>\n\t\t\t\t\t<\/a><\/p>\n<h2>FREQUENT ASKED QUESTIONS<\/h2>\n<h2>PROCESS INFORMATION<\/h2>\n<h4 id=\"elementor-tab-title-1811\" data-tab=\"1\" role=\"button\" aria-controls=\"elementor-tab-content-1811\" aria-expanded=\"false\">\n\t\t\t\t\t\t\t\t\t\t\t\t<a tabindex=\"0\">Como fa\u00e7o para fazer um pedido?<\/a><br \/>\n\t\t\t\t\t<\/h4>\n<p>Voc\u00ea pode fazer um pedido entrando em contato com nossa equipe de vendas por e-mail ou telefone. Nossa equipe de vendas o orientar\u00e1 durante o processo de pedido e fornecer\u00e1 todos os detalhes necess\u00e1rios.<\/p>\n<h4 id=\"elementor-tab-title-1812\" data-tab=\"2\" role=\"button\" aria-controls=\"elementor-tab-content-1812\" aria-expanded=\"false\">\n\t\t\t\t\t\t\t\t\t\t\t\t<a tabindex=\"0\">What Details I need to provide you for Order<\/a><br \/>\n\t\t\t\t\t<\/h4>\n<h3>Product Specifications<\/h3>\n<ol>\n<li>\n<p><strong>Types of Product:<\/strong><\/p>\n<ul>\n<li>Como o design do produto ou qualquer imagem de refer\u00eancia (para fins de verifica\u00e7\u00e3o de material e qualidade)<\/li>\n<\/ul>\n<\/li>\n<li>\n<p><strong>Quantities:<\/strong><\/p>\n<ul>\n<li>Determine the number of each type of gear needed.<\/li>\n<li>Considere fazer pedidos em grandes quantidades se houver descontos dispon\u00edveis.<\/li>\n<\/ul>\n<\/li>\n<li>\n<p><strong>Sizes and Weights:<\/strong><\/p>\n<ul>\n<li>Boxing gloves (e.g., 8oz, 10oz, 12oz, 14oz, 16oz)<\/li>\n<li>Apparel sizes (e.g., S, M, L, XL)<\/li>\n<li>Other size requirements for protective gear and training equipment.<\/li>\n<\/ul>\n<\/li>\n<li>\n<p><strong>Materials:<\/strong><\/p>\n<ul>\n<li>Preferences for materials (leather, synthetic, moisture-wicking fabrics).<\/li>\n<li>Requisitos espec\u00edficos de durabilidade e conforto.<\/li>\n<\/ul>\n<\/li>\n<\/ol>\n<h3>Customization Options<\/h3>\n<ol>\n<li>\n<p><strong>Prefer\u00eancias de design:<\/strong><\/p>\n<ul>\n<li>Designs, cores e elementos de marca personalizados.<\/li>\n<li>Logotipos e outros detalhes da marca.<\/li>\n<\/ul>\n<\/li>\n<li>\n<p><strong>Modifica\u00e7\u00f5es espec\u00edficas:<\/strong><\/p>\n<ul>\n<li>Quaisquer modifica\u00e7\u00f5es ou recursos especiais necess\u00e1rios para atender a requisitos espec\u00edficos de desempenho ou regulamentares.<\/li>\n<\/ul>\n<\/li>\n<\/ol>\n<h4 id=\"elementor-tab-title-1813\" data-tab=\"3\" role=\"button\" aria-controls=\"elementor-tab-content-1813\" aria-expanded=\"false\">\n\t\t\t\t\t\t\t\t\t\t\t\t<a tabindex=\"0\">Qual \u00e9 sua pol\u00edtica de devolu\u00e7\u00e3o?<\/a><br \/>\n\t\t\t\t\t<\/h4>\n<p>Aceitamos devolu\u00e7\u00f5es de produtos defeituosos, danificados, diferentes do padr\u00e3o de qualidade.<strong> Cores, tamanhos<\/strong> produtos como confirmados. Entre em contato com nossa equipe de atendimento ao cliente para iniciar uma devolu\u00e7\u00e3o. Produtos personalizados ou customizados n\u00e3o s\u00e3o eleg\u00edveis para devolu\u00e7\u00e3o, a menos que estejam com defeito ou danificados.<\/p>\n<h4 id=\"elementor-tab-title-1814\" data-tab=\"4\" role=\"button\" aria-controls=\"elementor-tab-content-1814\" aria-expanded=\"false\">\n\t\t\t\t\t\t\t\t\t\t\t\t<a tabindex=\"0\">Quais m\u00e9todos de pagamento s\u00e3o aceitos?<\/a><br \/>\n\t\t\t\t\t<\/h4>\n<p>Para pedidos pequenos, aceitamos pagamentos antecipados via cart\u00e3o de cr\u00e9dito, Western Union, Wise, Money Gram, Remittly e transfer\u00eancia banc\u00e1ria.<\/p>\n<p>Para pedidos grandes, normalmente exigimos um dep\u00f3sito de 60% na confirma\u00e7\u00e3o do pedido, e o restante de 40% deve ser pago antes do envio. O pagamento pode ser feito por meio de transfer\u00eancia banc\u00e1ria ou outros m\u00e9todos acordados.<\/p>\n<h4 id=\"elementor-tab-title-1815\" data-tab=\"5\" role=\"button\" aria-controls=\"elementor-tab-content-1815\" aria-expanded=\"false\">\n\t\t\t\t\t\t\t\t\t\t\t\t<a tabindex=\"0\">What types of boxing gloves do you offer?<\/a><br \/>\n\t\t\t\t\t<\/h4>\n<p>We offer a variety of boxing gloves including training gloves, sparring gloves, competition gloves, and bag gloves. Our gloves come in different weights (8oz to 16oz) and materials (leather, synthetic) to suit various training and competition needs.<\/p>\n<h4 id=\"elementor-tab-title-1816\" data-tab=\"6\" role=\"button\" aria-controls=\"elementor-tab-content-1816\" aria-expanded=\"false\">\n\t\t\t\t\t\t\t\t\t\t\t\t<a tabindex=\"0\">Can I customize the boxing gear?<\/a><br \/>\n\t\t\t\t\t<\/h4>\n<p>Sim, oferecemos op\u00e7\u00f5es de personaliza\u00e7\u00e3o para nossos equipamentos de boxe. Voc\u00ea pode escolher designs, cores e elementos de marca personalizados para refletir sua marca ou estilo pessoal. Entre em contato com nossa equipe de design para discutir suas necessidades espec\u00edficas.<\/p>\n<h4 id=\"elementor-tab-title-1817\" data-tab=\"7\" role=\"button\" aria-controls=\"elementor-tab-content-1817\" aria-expanded=\"false\">\n\t\t\t\t\t\t\t\t\t\t\t\t<a tabindex=\"0\">What materials are used in your boxing gear?<\/a><br \/>\n\t\t\t\t\t<\/h4>\n<p>We use top-grade materials including genuine leather, advanced synthetic composites, and moisture-wicking fabrics. Our materials are selected for their durability, comfort, and ability to absorb impact effectively.<\/p>\n<h4 id=\"elementor-tab-title-1818\" data-tab=\"8\" role=\"button\" aria-controls=\"elementor-tab-content-1818\" aria-expanded=\"false\">\n\t\t\t\t\t\t\t\t\t\t\t\t<a tabindex=\"0\">Como voc\u00ea garante a qualidade de seus produtos?<\/a><br \/>\n\t\t\t\t\t<\/h4>\n<p>Nosso processo de garantia de qualidade inclui testes rigorosos na fase de produ\u00e7\u00e3o. Obtemos materiais de primeira qualidade e empregamos m\u00e3o de obra especializada na fabrica\u00e7\u00e3o. Todos os produtos passam por testes abrangentes para atender aos padr\u00f5es internacionais de seguran\u00e7a e desempenho.<\/p>\n<h4 id=\"elementor-tab-title-1819\" data-tab=\"9\" role=\"button\" aria-controls=\"elementor-tab-content-1819\" aria-expanded=\"false\">\n\t\t\t\t\t\t\t\t\t\t\t\t<a tabindex=\"0\">Voc\u00eas oferecem descontos para pedidos em grandes quantidades?<\/a><br \/>\n\t\t\t\t\t<\/h4>\n<p>Sim, oferecemos descontos para pedidos em grandes quantidades. Entre em contato com nossa equipe de vendas para discutir suas necessidades espec\u00edficas e receber uma cota\u00e7\u00e3o personalizada com base no volume do seu pedido.<\/p>\n<h3>Production and Delivery<\/h3>\n<h4 id=\"elementor-tab-title-9651\" data-tab=\"1\" role=\"button\" aria-controls=\"elementor-tab-content-9651\" aria-expanded=\"false\">\n\t\t\t\t\t\t\t\t\t\t\t\t<a tabindex=\"0\">Qual \u00e9 a quantidade m\u00ednima de pedido dispon\u00edvel?<\/a><br \/>\n\t\t\t\t\t<\/h4>\n<p>Our minimums generally start at 50-100 items per style.<\/p>\n<h4 id=\"elementor-tab-title-9652\" data-tab=\"2\" role=\"button\" aria-controls=\"elementor-tab-content-9652\" aria-expanded=\"false\">\n\t\t\t\t\t\t\t\t\t\t\t\t<a tabindex=\"0\">Posso obter amostras ou prot\u00f3tipos? ou amostras gr\u00e1tis?<\/a><br \/>\n\t\t\t\t\t<\/h4>\n<p>Sim, voc\u00ea pode obter amostras. Mas n\u00e3o oferecemos amostras gr\u00e1tis. Porque, na maioria das vezes, h\u00e1 muitas coisas complicadas e caras que s\u00e3o realizadas durante o processo de amostragem<\/p>\n<h4 id=\"elementor-tab-title-9653\" data-tab=\"3\" role=\"button\" aria-controls=\"elementor-tab-content-9653\" aria-expanded=\"false\">\n\t\t\t\t\t\t\t\t\t\t\t\t<a tabindex=\"0\">Quanto tempo leva a produ\u00e7\u00e3o e o prot\u00f3tipo?<\/a><br \/>\n\t\t\t\t\t<\/h4>\n<p>Levamos 30 dias para a produ\u00e7\u00e3o em massa de acordo com o MOQ. Mais dias dependem da quantidade do pedido.<\/p>\n<p>E o prot\u00f3tipo levar\u00e1 20 dias para ser produzido<\/p>\n<h4 id=\"elementor-tab-title-9654\" data-tab=\"4\" role=\"button\" aria-controls=\"elementor-tab-content-9654\" aria-expanded=\"false\">\n\t\t\t\t\t\t\t\t\t\t\t\t<a tabindex=\"0\">Quanto tempo leva para receber meu pedido?<\/a><br \/>\n\t\t\t\t\t<\/h4>\n<p>Shipping times depend on the size of the order and the destination. Small orders shipped via courier usually arrive within 5-7 business days. Large orders shipped via sea freight or air freight may take longer. We provide estimated delivery times when you place your order.<\/p>\n<h4 id=\"elementor-tab-title-9655\" data-tab=\"5\" role=\"button\" aria-controls=\"elementor-tab-content-9655\" aria-expanded=\"false\">\n\t\t\t\t\t\t\t\t\t\t\t\t<a tabindex=\"0\">Quais s\u00e3o suas op\u00e7\u00f5es de remessa?<\/a><br \/>\n\t\t\t\t\t<\/h4>\n<p>Oferecemos op\u00e7\u00f5es confi\u00e1veis de remessa, incluindo servi\u00e7os de courier (DHL, FedEx, UPS) para pedidos pequenos e frete mar\u00edtimo e a\u00e9reo para pedidos grandes. Fornecemos cota\u00e7\u00f5es detalhadas de remessa e cuidamos de toda a log\u00edstica para garantir uma entrega tranquila e pontual.<\/p>\n<h4 id=\"elementor-tab-title-9656\" data-tab=\"6\" role=\"button\" aria-controls=\"elementor-tab-content-9656\" aria-expanded=\"false\">\n\t\t\t\t\t\t\t\t\t\t\t\t<a tabindex=\"0\">Voc\u00eas oferecem remessa internacional?<\/a><br \/>\n\t\t\t\t\t<\/h4>\n<p>Sim, enviamos nossos produtos para o mundo todo. Temos ampla experi\u00eancia em remessas internacionais e garantimos que seus pedidos cheguem com seguran\u00e7a e dentro do prazo. Gerenciamos o desembara\u00e7o alfandeg\u00e1rio e outros requisitos regulat\u00f3rios para remessas internacionais.<\/p>\n<h4 id=\"elementor-tab-title-9657\" data-tab=\"7\" role=\"button\" aria-controls=\"elementor-tab-content-9657\" aria-expanded=\"false\">\n\t\t\t\t\t\t\t\t\t\t\t\t<a tabindex=\"0\">Como posso entrar em contato com o suporte ao cliente?<\/a><br \/>\n\t\t\t\t\t<\/h4>\n<p>Voc\u00ea pode entrar em contato com nossa equipe de suporte ao cliente por e-mail <a href=\"mailto:info@zenoova.com\">info@zenoova.com<\/a>por telefone ou pelo formul\u00e1rio de contato do nosso site. Nossa equipe de suporte dedicada est\u00e1 dispon\u00edvel para ajud\u00e1-lo com qualquer d\u00favida ou preocupa\u00e7\u00e3o que possa ter.<\/p>\n<h4 id=\"elementor-tab-title-9658\" data-tab=\"8\" role=\"button\" aria-controls=\"elementor-tab-content-9658\" aria-expanded=\"false\">\n\t\t\t\t\t\t\t\t\t\t\t\t<a tabindex=\"0\">Quais s\u00e3o seus m\u00e9todos de pagamento? E condi\u00e7\u00f5es de pagamento?<\/a><br \/>\n\t\t\t\t\t<\/h4>\n<p>Voc\u00ea pode nos pagar via TT, transfer\u00eancia banc\u00e1ria, Western Union, MoneyGram, Transfer wise.<\/p>\n<p><strong>Condi\u00e7\u00f5es de pagamento:<\/strong><\/p>\n<ul>\n<li><strong>Pedidos pequenos:<\/strong> O pagamento de pedidos pequenos pode ser feito por meio de cart\u00e3o de cr\u00e9dito, conforme mencionado acima. Exigimos o pagamento integral antes do envio. As op\u00e7\u00f5es de pagamento on-line seguro garantem um processo de transa\u00e7\u00e3o seguro.<\/li>\n<li><strong>Pedidos grandes:<\/strong> Para pedidos em massa, oferecemos condi\u00e7\u00f5es de pagamento flex\u00edveis. Normalmente, um dep\u00f3sito de 60% \u00e9 exigido na confirma\u00e7\u00e3o do pedido, e o restante, 40%, deve ser pago antes do envio. O pagamento pode ser feito por transfer\u00eancia banc\u00e1ria ou por outros m\u00e9todos acordados.<\/li>\n<\/ul>\n<h2>ENTRE EM CONTATO CONOSCO<\/h2>\n<h2>Please contact us for more details about pricing and more product information. FILL THE FORM OR EMAIL US<\/h2>\n<p>\t\t\t<a href=\"mailto:info@zenoova.com\"><br \/>\n\t\t\t\t\t\t\t\t\tEMAIL US<br \/>\n\t\t\t\t\t<\/a><br \/>\n\t\t<br \/>\n\t\t\t<a href=\"#contact\"><br \/>\n\t\t\t\t\t\t\t\t\tENTRE EM CONTATO CONOSCO<br \/>\n\t\t\t\t\t<\/a><\/p>\n<h2><a href=\"#top\">ZENOOVA<\/a><\/h2>\n<ul>\n<li>\n\t\t\t\t\t\t\t\t\t\t\t<a href=\"#about\"><br \/>\n\t\t\t\t\t\t\t\t\t\t\tSOBRE N\u00d3S<br \/>\n\t\t\t\t\t\t\t\t\t\t\t<\/a>\n\t\t\t\t\t\t\t\t\t<\/li>\n<li>\n\t\t\t\t\t\t\t\t\t\t\t<a href=\"#work\"><br \/>\n\t\t\t\t\t\t\t\t\t\t\tHOW WE WORK<br \/>\n\t\t\t\t\t\t\t\t\t\t\t<\/a>\n\t\t\t\t\t\t\t\t\t<\/li>\n<li>\n\t\t\t\t\t\t\t\t\t\t\t<a href=\"#material\"><br \/>\n\t\t\t\t\t\t\t\t\t\t\tGUIA DE MATERIAIS<br \/>\n\t\t\t\t\t\t\t\t\t\t\t<\/a>\n\t\t\t\t\t\t\t\t\t<\/li>\n<li>\n\t\t\t\t\t\t\t\t\t\t\t<a href=\"#order\"><br \/>\n\t\t\t\t\t\t\t\t\t\t\tHOW TO ORDER?<br \/>\n\t\t\t\t\t\t\t\t\t\t\t<\/a>\n\t\t\t\t\t\t\t\t\t<\/li>\n<li>\n\t\t\t\t\t\t\t\t\t\t\t<a href=\"#pics\"><br \/>\n\t\t\t\t\t\t\t\t\t\t\tPRODUCTION WORKS<br \/>\n\t\t\t\t\t\t\t\t\t\t\t<\/a>\n\t\t\t\t\t\t\t\t\t<\/li>\n<li>\n\t\t\t\t\t\t\t\t\t\t\t<a href=\"#products\"><br \/>\n\t\t\t\t\t\t\t\t\t\t\tOUTROS PRODUTOS<br \/>\n\t\t\t\t\t\t\t\t\t\t\t<\/a>\n\t\t\t\t\t\t\t\t\t<\/li>\n<li>\n\t\t\t\t\t\t\t\t\t\t\t<a href=\"#faqs\"><br \/>\n\t\t\t\t\t\t\t\t\t\t\tASK QUESTIONS ?<br \/>\n\t\t\t\t\t\t\t\t\t\t\t<\/a>\n\t\t\t\t\t\t\t\t\t<\/li>\n<li>\n\t\t\t\t\t\t\t\t\t\t\t<a href=\"#contact\"><br \/>\n\t\t\t\t\t\t\t\t\t\t\tENTRE EM CONTATO CONOSCO<br \/>\n\t\t\t\t\t\t\t\t\t\t\t<\/a>\n\t\t\t\t\t\t\t\t\t<\/li>\n<\/ul>\n<p>\t\t\t\t\t<a href=\"#\" target=\"_blank\" rel=\"noopener\"><br \/>\n\t\t\t\t\t\tFacebook<br \/>\n\t\t\t\t\t\t\t\t\t\t\t<\/a><br \/>\n\t\t\t\t\t<a href=\"#\" target=\"_blank\" rel=\"noopener\"><br \/>\n\t\t\t\t\t\tTwitter<br \/>\n\t\t\t\t\t\t\t\t\t\t\t<\/a><br \/>\n\t\t\t\t\t<a href=\"#\" target=\"_blank\" rel=\"noopener\"><br \/>\n\t\t\t\t\t\tInstagram<br \/>\n\t\t\t\t\t\t\t\t\t\t\t<\/a><br \/>\n\t\t\t\t\t<a href=\"#\" target=\"_blank\" rel=\"noopener\"><br \/>\n\t\t\t\t\t\tLinkedin<br \/>\n\t\t\t\t\t\t\t\t\t\t\t<\/a><\/p>","protected":false},"excerpt":{"rendered":"<p>Get your desired Boxing Gloves design in your hands CUSTOM Boxing Gloves Manufacturer Zenoova is top and high-end Boxing Gloves Manufacturer, we take great delight in providing our clients with top-notch items. About us About Us Bespoke Design Discover top-quality boxing gloves from Zenoova, the leading and most reputable FPP boxing glove manufacturer in Sialkot, [&hellip;]<\/p>\n","protected":false},"author":1,"featured_media":32190,"parent":0,"menu_order":0,"comment_status":"closed","ping_status":"closed","template":"","meta":{"ocean_post_layout":"","ocean_both_sidebars_style":"","ocean_both_sidebars_content_width":0,"ocean_both_sidebars_sidebars_width":0,"ocean_sidebar":"0","ocean_second_sidebar":"0","ocean_disable_margins":"enable","ocean_add_body_class":"","ocean_shortcode_before_top_bar":"","ocean_shortcode_after_top_bar":"","ocean_shortcode_before_header":"","ocean_shortcode_after_header":"","ocean_has_shortcode":"","ocean_shortcode_after_title":"","ocean_shortcode_before_footer_widgets":"","ocean_shortcode_after_footer_widgets":"","ocean_shortcode_before_footer_bottom":"","ocean_shortcode_after_footer_bottom":"","ocean_display_top_bar":"default","ocean_display_header":"default","ocean_header_style":"","ocean_center_header_left_menu":"0","ocean_custom_header_template":"0","ocean_custom_logo":0,"ocean_custom_retina_logo":0,"ocean_custom_logo_max_width":0,"ocean_custom_logo_tablet_max_width":0,"ocean_custom_logo_mobile_max_width":0,"ocean_custom_logo_max_height":0,"ocean_custom_logo_tablet_max_height":0,"ocean_custom_logo_mobile_max_height":0,"ocean_header_custom_menu":"0","ocean_menu_typo_font_family":"0","ocean_menu_typo_font_subset":"","ocean_menu_typo_font_size":0,"ocean_menu_typo_font_size_tablet":0,"ocean_menu_typo_font_size_mobile":0,"ocean_menu_typo_font_size_unit":"px","ocean_menu_typo_font_weight":"","ocean_menu_typo_font_weight_tablet":"","ocean_menu_typo_font_weight_mobile":"","ocean_menu_typo_transform":"","ocean_menu_typo_transform_tablet":"","ocean_menu_typo_transform_mobile":"","ocean_menu_typo_line_height":0,"ocean_menu_typo_line_height_tablet":0,"ocean_menu_typo_line_height_mobile":0,"ocean_menu_typo_line_height_unit":"","ocean_menu_typo_spacing":0,"ocean_menu_typo_spacing_tablet":0,"ocean_menu_typo_spacing_mobile":0,"ocean_menu_typo_spacing_unit":"","ocean_menu_link_color":"","ocean_menu_link_color_hover":"","ocean_menu_link_color_active":"","ocean_menu_link_background":"","ocean_menu_link_hover_background":"","ocean_menu_link_active_background":"","ocean_menu_social_links_bg":"","ocean_menu_social_hover_links_bg":"","ocean_menu_social_links_color":"","ocean_menu_social_hover_links_color":"","ocean_disable_title":"default","ocean_disable_heading":"default","ocean_post_title":"","ocean_post_subheading":"","ocean_post_title_style":"","ocean_post_title_background_color":"","ocean_post_title_background":0,"ocean_post_title_bg_image_position":"","ocean_post_title_bg_image_attachment":"","ocean_post_title_bg_image_repeat":"","ocean_post_title_bg_image_size":"","ocean_post_title_height":0,"ocean_post_title_bg_overlay":0.5,"ocean_post_title_bg_overlay_color":"","ocean_disable_breadcrumbs":"default","ocean_breadcrumbs_color":"","ocean_breadcrumbs_separator_color":"","ocean_breadcrumbs_links_color":"","ocean_breadcrumbs_links_hover_color":"","ocean_display_footer_widgets":"default","ocean_display_footer_bottom":"default","ocean_custom_footer_template":"0","footnotes":""},"class_list":["post-20290","page","type-page","status-publish","has-post-thumbnail","hentry","entry","has-media"],"_links":{"self":[{"href":"https:\/\/bahlolintl.com\/br\/wp-json\/wp\/v2\/pages\/20290","targetHints":{"allow":["GET"]}}],"collection":[{"href":"https:\/\/bahlolintl.com\/br\/wp-json\/wp\/v2\/pages"}],"about":[{"href":"https:\/\/bahlolintl.com\/br\/wp-json\/wp\/v2\/types\/page"}],"author":[{"embeddable":true,"href":"https:\/\/bahlolintl.com\/br\/wp-json\/wp\/v2\/users\/1"}],"replies":[{"embeddable":true,"href":"https:\/\/bahlolintl.com\/br\/wp-json\/wp\/v2\/comments?post=20290"}],"version-history":[{"count":0,"href":"https:\/\/bahlolintl.com\/br\/wp-json\/wp\/v2\/pages\/20290\/revisions"}],"wp:featuredmedia":[{"embeddable":true,"href":"https:\/\/bahlolintl.com\/br\/wp-json\/wp\/v2\/media\/32190"}],"wp:attachment":[{"href":"https:\/\/bahlolintl.com\/br\/wp-json\/wp\/v2\/media?parent=20290"}],"curies":[{"name":"wp","href":"https:\/\/api.w.org\/{rel}","templated":true}]}}